{"id":4979,"date":"2025-10-30T13:36:21","date_gmt":"2025-10-30T20:36:21","guid":{"rendered":"https:\/\/www.adreducation.ca\/?post_type=product&#038;p=4979"},"modified":"2026-01-27T15:08:17","modified_gmt":"2026-01-27T23:08:17","slug":"la-practique-de-la-negotiation-2ieme-edition-pdf-francais","status":"publish","type":"product","link":"https:\/\/www.adreducation.ca\/fr\/produit\/la-practique-de-la-negotiation-2ieme-edition-pdf-francais\/","title":{"rendered":"La Practice de la n\u00e9gotiation, 2ieme edition (PDF, francais)"},"content":{"rendered":"<p>Gordon Sloan et Jamie Chicanot cumulent de nombreuses ann\u00e9es d\u2019exp\u00e9rience comme formateurs et prestataires de services en pr\u00e9vention et r\u00e8glement des conflits. Ils nous livrent le fruit de leur r\u00e9flexion et de leur exp\u00e9rience dans ces deux manuels.<\/p>\n","protected":false},"excerpt":{"rendered":"<p>Gordon Sloan et Jamie Chicanot cumulent de nombreuses ann\u00e9es d\u2019exp\u00e9rience comme formateurs et prestataires de services en pr\u00e9vention et r\u00e8glement des conflits. Ils nous livrent le fruit de leur r\u00e9flexion et de leur exp\u00e9rience dans ces deux manuels.<\/p>\n","protected":false},"featured_media":4794,"template":"","meta":[],"product_brand":[],"product_cat":[],"product_tag":[],"class_list":{"0":"post-4979","1":"product","2":"type-product","3":"status-publish","4":"has-post-thumbnail","7":"first","8":"instock","9":"downloadable","10":"virtual","11":"taxable","12":"purchasable","13":"product-type-simple"},"yoast_head":"<!-- This site is optimized with the Yoast SEO plugin v27.2 - https:\/\/yoast.com\/product\/yoast-seo-wordpress\/ -->\n<title>La Practice de la n\u00e9gotiation, 2ieme edition (PDF, francais) - ADR Education<\/title>\n<meta name=\"robots\" content=\"index, follow, max-snippet:-1, max-image-preview:large, max-video-preview:-1\" \/>\n<link rel=\"canonical\" href=\"https:\/\/www.adreducation.ca\/fr\/produit\/la-practique-de-la-negotiation-2ieme-edition-pdf-francais\/\" \/>\n<script type=\"application\/ld+json\" class=\"yoast-schema-graph\">{\"@context\":\"https:\/\/schema.org\",\"@graph\":[{\"@type\":\"WebPage\",\"@id\":\"https:\/\/www.adreducation.ca\/fr\/produit\/la-practique-de-la-negotiation-2ieme-edition-pdf-francais\/\",\"url\":\"https:\/\/www.adreducation.ca\/fr\/produit\/la-practique-de-la-negotiation-2ieme-edition-pdf-francais\/\",\"name\":\"La Practice de la n\u00e9gotiation, 2ieme edition (PDF, francais) - ADR Education\",\"isPartOf\":{\"@id\":\"https:\/\/www.adreducation.ca\/#website\"},\"primaryImageOfPage\":{\"@id\":\"https:\/\/www.adreducation.ca\/fr\/produit\/la-practique-de-la-negotiation-2ieme-edition-pdf-francais\/#primaryimage\"},\"image\":{\"@id\":\"https:\/\/www.adreducation.ca\/fr\/produit\/la-practique-de-la-negotiation-2ieme-edition-pdf-francais\/#primaryimage\"},\"thumbnailUrl\":\"https:\/\/www.adreducation.ca\/wp-content\/uploads\/2025\/10\/practice-of-negotiation.png\",\"datePublished\":\"2025-10-30T20:36:21+00:00\",\"dateModified\":\"2026-01-27T23:08:17+00:00\",\"breadcrumb\":{\"@id\":\"https:\/\/www.adreducation.ca\/fr\/produit\/la-practique-de-la-negotiation-2ieme-edition-pdf-francais\/#breadcrumb\"},\"inLanguage\":\"fr-FR\",\"potentialAction\":[{\"@type\":\"ReadAction\",\"target\":[\"https:\/\/www.adreducation.ca\/fr\/produit\/la-practique-de-la-negotiation-2ieme-edition-pdf-francais\/\"]}]},{\"@type\":\"ImageObject\",\"inLanguage\":\"fr-FR\",\"@id\":\"https:\/\/www.adreducation.ca\/fr\/produit\/la-practique-de-la-negotiation-2ieme-edition-pdf-francais\/#primaryimage\",\"url\":\"https:\/\/www.adreducation.ca\/wp-content\/uploads\/2025\/10\/practice-of-negotiation.png\",\"contentUrl\":\"https:\/\/www.adreducation.ca\/wp-content\/uploads\/2025\/10\/practice-of-negotiation.png\",\"width\":651,\"height\":726},{\"@type\":\"BreadcrumbList\",\"@id\":\"https:\/\/www.adreducation.ca\/fr\/produit\/la-practique-de-la-negotiation-2ieme-edition-pdf-francais\/#breadcrumb\",\"itemListElement\":[{\"@type\":\"ListItem\",\"position\":1,\"name\":\"Home\",\"item\":\"https:\/\/www.adreducation.ca\/fr\/\"},{\"@type\":\"ListItem\",\"position\":2,\"name\":\"Boutique\",\"item\":\"https:\/\/www.adreducation.ca\/fr\/boutique\/\"},{\"@type\":\"ListItem\",\"position\":3,\"name\":\"La Practice de la n\u00e9gotiation, 2ieme edition (PDF, francais)\"}]},{\"@type\":\"WebSite\",\"@id\":\"https:\/\/www.adreducation.ca\/#website\",\"url\":\"https:\/\/www.adreducation.ca\/\",\"name\":\"ADR Education\",\"description\":\"Turning conflicts and disputes into opportunities for growth.\",\"publisher\":{\"@id\":\"https:\/\/www.adreducation.ca\/#organization\"},\"potentialAction\":[{\"@type\":\"SearchAction\",\"target\":{\"@type\":\"EntryPoint\",\"urlTemplate\":\"https:\/\/www.adreducation.ca\/?s={search_term_string}\"},\"query-input\":{\"@type\":\"PropertyValueSpecification\",\"valueRequired\":true,\"valueName\":\"search_term_string\"}}],\"inLanguage\":\"fr-FR\"},{\"@type\":\"Organization\",\"@id\":\"https:\/\/www.adreducation.ca\/#organization\",\"name\":\"ADR Education\",\"url\":\"https:\/\/www.adreducation.ca\/\",\"logo\":{\"@type\":\"ImageObject\",\"inLanguage\":\"fr-FR\",\"@id\":\"https:\/\/www.adreducation.ca\/#\/schema\/logo\/image\/\",\"url\":\"https:\/\/www.adreducation.ca\/wp-content\/uploads\/2023\/08\/ADR_logo-01.svg\",\"contentUrl\":\"https:\/\/www.adreducation.ca\/wp-content\/uploads\/2023\/08\/ADR_logo-01.svg\",\"caption\":\"ADR Education\"},\"image\":{\"@id\":\"https:\/\/www.adreducation.ca\/#\/schema\/logo\/image\/\"}}]}<\/script>\n<!-- \/ Yoast SEO plugin. -->","yoast_head_json":{"title":"La Practice de la n\u00e9gotiation, 2ieme edition (PDF, francais) - ADR Education","robots":{"index":"index","follow":"follow","max-snippet":"max-snippet:-1","max-image-preview":"max-image-preview:large","max-video-preview":"max-video-preview:-1"},"canonical":"https:\/\/www.adreducation.ca\/fr\/produit\/la-practique-de-la-negotiation-2ieme-edition-pdf-francais\/","schema":{"@context":"https:\/\/schema.org","@graph":[{"@type":"WebPage","@id":"https:\/\/www.adreducation.ca\/fr\/produit\/la-practique-de-la-negotiation-2ieme-edition-pdf-francais\/","url":"https:\/\/www.adreducation.ca\/fr\/produit\/la-practique-de-la-negotiation-2ieme-edition-pdf-francais\/","name":"La Practice de la n\u00e9gotiation, 2ieme edition (PDF, francais) - ADR Education","isPartOf":{"@id":"https:\/\/www.adreducation.ca\/#website"},"primaryImageOfPage":{"@id":"https:\/\/www.adreducation.ca\/fr\/produit\/la-practique-de-la-negotiation-2ieme-edition-pdf-francais\/#primaryimage"},"image":{"@id":"https:\/\/www.adreducation.ca\/fr\/produit\/la-practique-de-la-negotiation-2ieme-edition-pdf-francais\/#primaryimage"},"thumbnailUrl":"https:\/\/www.adreducation.ca\/wp-content\/uploads\/2025\/10\/practice-of-negotiation.png","datePublished":"2025-10-30T20:36:21+00:00","dateModified":"2026-01-27T23:08:17+00:00","breadcrumb":{"@id":"https:\/\/www.adreducation.ca\/fr\/produit\/la-practique-de-la-negotiation-2ieme-edition-pdf-francais\/#breadcrumb"},"inLanguage":"fr-FR","potentialAction":[{"@type":"ReadAction","target":["https:\/\/www.adreducation.ca\/fr\/produit\/la-practique-de-la-negotiation-2ieme-edition-pdf-francais\/"]}]},{"@type":"ImageObject","inLanguage":"fr-FR","@id":"https:\/\/www.adreducation.ca\/fr\/produit\/la-practique-de-la-negotiation-2ieme-edition-pdf-francais\/#primaryimage","url":"https:\/\/www.adreducation.ca\/wp-content\/uploads\/2025\/10\/practice-of-negotiation.png","contentUrl":"https:\/\/www.adreducation.ca\/wp-content\/uploads\/2025\/10\/practice-of-negotiation.png","width":651,"height":726},{"@type":"BreadcrumbList","@id":"https:\/\/www.adreducation.ca\/fr\/produit\/la-practique-de-la-negotiation-2ieme-edition-pdf-francais\/#breadcrumb","itemListElement":[{"@type":"ListItem","position":1,"name":"Home","item":"https:\/\/www.adreducation.ca\/fr\/"},{"@type":"ListItem","position":2,"name":"Boutique","item":"https:\/\/www.adreducation.ca\/fr\/boutique\/"},{"@type":"ListItem","position":3,"name":"La Practice de la n\u00e9gotiation, 2ieme edition (PDF, francais)"}]},{"@type":"WebSite","@id":"https:\/\/www.adreducation.ca\/#website","url":"https:\/\/www.adreducation.ca\/","name":"ADR Education","description":"Turning conflicts and disputes into opportunities for growth.","publisher":{"@id":"https:\/\/www.adreducation.ca\/#organization"},"potentialAction":[{"@type":"SearchAction","target":{"@type":"EntryPoint","urlTemplate":"https:\/\/www.adreducation.ca\/?s={search_term_string}"},"query-input":{"@type":"PropertyValueSpecification","valueRequired":true,"valueName":"search_term_string"}}],"inLanguage":"fr-FR"},{"@type":"Organization","@id":"https:\/\/www.adreducation.ca\/#organization","name":"ADR Education","url":"https:\/\/www.adreducation.ca\/","logo":{"@type":"ImageObject","inLanguage":"fr-FR","@id":"https:\/\/www.adreducation.ca\/#\/schema\/logo\/image\/","url":"https:\/\/www.adreducation.ca\/wp-content\/uploads\/2023\/08\/ADR_logo-01.svg","contentUrl":"https:\/\/www.adreducation.ca\/wp-content\/uploads\/2023\/08\/ADR_logo-01.svg","caption":"ADR Education"},"image":{"@id":"https:\/\/www.adreducation.ca\/#\/schema\/logo\/image\/"}}]}},"_links":{"self":[{"href":"https:\/\/www.adreducation.ca\/fr\/wp-json\/wp\/v2\/product\/4979","targetHints":{"allow":["GET"]}}],"collection":[{"href":"https:\/\/www.adreducation.ca\/fr\/wp-json\/wp\/v2\/product"}],"about":[{"href":"https:\/\/www.adreducation.ca\/fr\/wp-json\/wp\/v2\/types\/product"}],"wp:featuredmedia":[{"embeddable":true,"href":"https:\/\/www.adreducation.ca\/fr\/wp-json\/wp\/v2\/media\/4794"}],"wp:attachment":[{"href":"https:\/\/www.adreducation.ca\/fr\/wp-json\/wp\/v2\/media?parent=4979"}],"wp:term":[{"taxonomy":"product_brand","embeddable":true,"href":"https:\/\/www.adreducation.ca\/fr\/wp-json\/wp\/v2\/product_brand?post=4979"},{"taxonomy":"product_cat","embeddable":true,"href":"https:\/\/www.adreducation.ca\/fr\/wp-json\/wp\/v2\/product_cat?post=4979"},{"taxonomy":"product_tag","embeddable":true,"href":"https:\/\/www.adreducation.ca\/fr\/wp-json\/wp\/v2\/product_tag?post=4979"}],"curies":[{"name":"wp","href":"https:\/\/api.w.org\/{rel}","templated":true}]}}