{"id":4978,"date":"2025-10-30T13:39:39","date_gmt":"2025-10-30T20:39:39","guid":{"rendered":"https:\/\/www.adreducation.ca\/?post_type=product&#038;p=4978"},"modified":"2026-01-27T15:07:46","modified_gmt":"2026-01-27T23:07:46","slug":"la-pratique-de-la-mediation-2ieme-edition-pdf-francais","status":"publish","type":"product","link":"https:\/\/www.adreducation.ca\/fr\/produit\/la-pratique-de-la-mediation-2ieme-edition-pdf-francais\/","title":{"rendered":"La Pratique de la m\u00e9diation, 2ieme edition (PDF, francais)"},"content":{"rendered":"<p>La pratique de la m\u00e9diation est le meilleur condens\u00e9 qu\u2019il m\u2019a \u00e9t\u00e9 donn\u00e9 de voir sur le sujet. J\u2019ai particuli\u00e8rement aim\u00e9 la partie portant sur l\u2019attitude et les valeurs comme aspects essentiels du processus.<\/p>\n","protected":false},"excerpt":{"rendered":"<p>La pratique de la m\u00e9diation est le meilleur condens\u00e9 qu\u2019il m\u2019a \u00e9t\u00e9 donn\u00e9 de voir sur le sujet. J\u2019ai particuli\u00e8rement aim\u00e9 la partie portant sur l\u2019attitude et les valeurs comme aspects essentiels du processus.<\/p>\n","protected":false},"featured_media":4798,"template":"","meta":[],"product_brand":[],"product_cat":[],"product_tag":[],"class_list":{"0":"post-4978","1":"product","2":"type-product","3":"status-publish","4":"has-post-thumbnail","7":"first","8":"instock","9":"downloadable","10":"virtual","11":"taxable","12":"purchasable","13":"product-type-simple"},"yoast_head":"<!-- This site is optimized with the Yoast SEO plugin v27.2 - https:\/\/yoast.com\/product\/yoast-seo-wordpress\/ -->\n<title>La Pratique de la m\u00e9diation, 2ieme edition (PDF, francais) - ADR Education<\/title>\n<meta name=\"robots\" content=\"index, follow, max-snippet:-1, max-image-preview:large, max-video-preview:-1\" \/>\n<link rel=\"canonical\" href=\"https:\/\/www.adreducation.ca\/fr\/produit\/la-pratique-de-la-mediation-2ieme-edition-pdf-francais\/\" \/>\n<script type=\"application\/ld+json\" class=\"yoast-schema-graph\">{\"@context\":\"https:\/\/schema.org\",\"@graph\":[{\"@type\":\"WebPage\",\"@id\":\"https:\/\/www.adreducation.ca\/fr\/produit\/la-pratique-de-la-mediation-2ieme-edition-pdf-francais\/\",\"url\":\"https:\/\/www.adreducation.ca\/fr\/produit\/la-pratique-de-la-mediation-2ieme-edition-pdf-francais\/\",\"name\":\"La Pratique de la m\u00e9diation, 2ieme edition (PDF, francais) - ADR Education\",\"isPartOf\":{\"@id\":\"https:\/\/www.adreducation.ca\/#website\"},\"primaryImageOfPage\":{\"@id\":\"https:\/\/www.adreducation.ca\/fr\/produit\/la-pratique-de-la-mediation-2ieme-edition-pdf-francais\/#primaryimage\"},\"image\":{\"@id\":\"https:\/\/www.adreducation.ca\/fr\/produit\/la-pratique-de-la-mediation-2ieme-edition-pdf-francais\/#primaryimage\"},\"thumbnailUrl\":\"https:\/\/www.adreducation.ca\/wp-content\/uploads\/2025\/10\/practice-of-meditation.png\",\"datePublished\":\"2025-10-30T20:39:39+00:00\",\"dateModified\":\"2026-01-27T23:07:46+00:00\",\"breadcrumb\":{\"@id\":\"https:\/\/www.adreducation.ca\/fr\/produit\/la-pratique-de-la-mediation-2ieme-edition-pdf-francais\/#breadcrumb\"},\"inLanguage\":\"fr-FR\",\"potentialAction\":[{\"@type\":\"ReadAction\",\"target\":[\"https:\/\/www.adreducation.ca\/fr\/produit\/la-pratique-de-la-mediation-2ieme-edition-pdf-francais\/\"]}]},{\"@type\":\"ImageObject\",\"inLanguage\":\"fr-FR\",\"@id\":\"https:\/\/www.adreducation.ca\/fr\/produit\/la-pratique-de-la-mediation-2ieme-edition-pdf-francais\/#primaryimage\",\"url\":\"https:\/\/www.adreducation.ca\/wp-content\/uploads\/2025\/10\/practice-of-meditation.png\",\"contentUrl\":\"https:\/\/www.adreducation.ca\/wp-content\/uploads\/2025\/10\/practice-of-meditation.png\",\"width\":651,\"height\":726},{\"@type\":\"BreadcrumbList\",\"@id\":\"https:\/\/www.adreducation.ca\/fr\/produit\/la-pratique-de-la-mediation-2ieme-edition-pdf-francais\/#breadcrumb\",\"itemListElement\":[{\"@type\":\"ListItem\",\"position\":1,\"name\":\"Home\",\"item\":\"https:\/\/www.adreducation.ca\/fr\/\"},{\"@type\":\"ListItem\",\"position\":2,\"name\":\"Boutique\",\"item\":\"https:\/\/www.adreducation.ca\/fr\/boutique\/\"},{\"@type\":\"ListItem\",\"position\":3,\"name\":\"La Pratique de la m\u00e9diation, 2ieme edition (PDF, francais)\"}]},{\"@type\":\"WebSite\",\"@id\":\"https:\/\/www.adreducation.ca\/#website\",\"url\":\"https:\/\/www.adreducation.ca\/\",\"name\":\"ADR Education\",\"description\":\"Turning conflicts and disputes into opportunities for growth.\",\"publisher\":{\"@id\":\"https:\/\/www.adreducation.ca\/#organization\"},\"potentialAction\":[{\"@type\":\"SearchAction\",\"target\":{\"@type\":\"EntryPoint\",\"urlTemplate\":\"https:\/\/www.adreducation.ca\/?s={search_term_string}\"},\"query-input\":{\"@type\":\"PropertyValueSpecification\",\"valueRequired\":true,\"valueName\":\"search_term_string\"}}],\"inLanguage\":\"fr-FR\"},{\"@type\":\"Organization\",\"@id\":\"https:\/\/www.adreducation.ca\/#organization\",\"name\":\"ADR Education\",\"url\":\"https:\/\/www.adreducation.ca\/\",\"logo\":{\"@type\":\"ImageObject\",\"inLanguage\":\"fr-FR\",\"@id\":\"https:\/\/www.adreducation.ca\/#\/schema\/logo\/image\/\",\"url\":\"https:\/\/www.adreducation.ca\/wp-content\/uploads\/2023\/08\/ADR_logo-01.svg\",\"contentUrl\":\"https:\/\/www.adreducation.ca\/wp-content\/uploads\/2023\/08\/ADR_logo-01.svg\",\"caption\":\"ADR Education\"},\"image\":{\"@id\":\"https:\/\/www.adreducation.ca\/#\/schema\/logo\/image\/\"}}]}<\/script>\n<!-- \/ Yoast SEO plugin. -->","yoast_head_json":{"title":"La Pratique de la m\u00e9diation, 2ieme edition (PDF, francais) - ADR Education","robots":{"index":"index","follow":"follow","max-snippet":"max-snippet:-1","max-image-preview":"max-image-preview:large","max-video-preview":"max-video-preview:-1"},"canonical":"https:\/\/www.adreducation.ca\/fr\/produit\/la-pratique-de-la-mediation-2ieme-edition-pdf-francais\/","schema":{"@context":"https:\/\/schema.org","@graph":[{"@type":"WebPage","@id":"https:\/\/www.adreducation.ca\/fr\/produit\/la-pratique-de-la-mediation-2ieme-edition-pdf-francais\/","url":"https:\/\/www.adreducation.ca\/fr\/produit\/la-pratique-de-la-mediation-2ieme-edition-pdf-francais\/","name":"La Pratique de la m\u00e9diation, 2ieme edition (PDF, francais) - ADR Education","isPartOf":{"@id":"https:\/\/www.adreducation.ca\/#website"},"primaryImageOfPage":{"@id":"https:\/\/www.adreducation.ca\/fr\/produit\/la-pratique-de-la-mediation-2ieme-edition-pdf-francais\/#primaryimage"},"image":{"@id":"https:\/\/www.adreducation.ca\/fr\/produit\/la-pratique-de-la-mediation-2ieme-edition-pdf-francais\/#primaryimage"},"thumbnailUrl":"https:\/\/www.adreducation.ca\/wp-content\/uploads\/2025\/10\/practice-of-meditation.png","datePublished":"2025-10-30T20:39:39+00:00","dateModified":"2026-01-27T23:07:46+00:00","breadcrumb":{"@id":"https:\/\/www.adreducation.ca\/fr\/produit\/la-pratique-de-la-mediation-2ieme-edition-pdf-francais\/#breadcrumb"},"inLanguage":"fr-FR","potentialAction":[{"@type":"ReadAction","target":["https:\/\/www.adreducation.ca\/fr\/produit\/la-pratique-de-la-mediation-2ieme-edition-pdf-francais\/"]}]},{"@type":"ImageObject","inLanguage":"fr-FR","@id":"https:\/\/www.adreducation.ca\/fr\/produit\/la-pratique-de-la-mediation-2ieme-edition-pdf-francais\/#primaryimage","url":"https:\/\/www.adreducation.ca\/wp-content\/uploads\/2025\/10\/practice-of-meditation.png","contentUrl":"https:\/\/www.adreducation.ca\/wp-content\/uploads\/2025\/10\/practice-of-meditation.png","width":651,"height":726},{"@type":"BreadcrumbList","@id":"https:\/\/www.adreducation.ca\/fr\/produit\/la-pratique-de-la-mediation-2ieme-edition-pdf-francais\/#breadcrumb","itemListElement":[{"@type":"ListItem","position":1,"name":"Home","item":"https:\/\/www.adreducation.ca\/fr\/"},{"@type":"ListItem","position":2,"name":"Boutique","item":"https:\/\/www.adreducation.ca\/fr\/boutique\/"},{"@type":"ListItem","position":3,"name":"La Pratique de la m\u00e9diation, 2ieme edition (PDF, francais)"}]},{"@type":"WebSite","@id":"https:\/\/www.adreducation.ca\/#website","url":"https:\/\/www.adreducation.ca\/","name":"ADR Education","description":"Turning conflicts and disputes into opportunities for growth.","publisher":{"@id":"https:\/\/www.adreducation.ca\/#organization"},"potentialAction":[{"@type":"SearchAction","target":{"@type":"EntryPoint","urlTemplate":"https:\/\/www.adreducation.ca\/?s={search_term_string}"},"query-input":{"@type":"PropertyValueSpecification","valueRequired":true,"valueName":"search_term_string"}}],"inLanguage":"fr-FR"},{"@type":"Organization","@id":"https:\/\/www.adreducation.ca\/#organization","name":"ADR Education","url":"https:\/\/www.adreducation.ca\/","logo":{"@type":"ImageObject","inLanguage":"fr-FR","@id":"https:\/\/www.adreducation.ca\/#\/schema\/logo\/image\/","url":"https:\/\/www.adreducation.ca\/wp-content\/uploads\/2023\/08\/ADR_logo-01.svg","contentUrl":"https:\/\/www.adreducation.ca\/wp-content\/uploads\/2023\/08\/ADR_logo-01.svg","caption":"ADR Education"},"image":{"@id":"https:\/\/www.adreducation.ca\/#\/schema\/logo\/image\/"}}]}},"_links":{"self":[{"href":"https:\/\/www.adreducation.ca\/fr\/wp-json\/wp\/v2\/product\/4978","targetHints":{"allow":["GET"]}}],"collection":[{"href":"https:\/\/www.adreducation.ca\/fr\/wp-json\/wp\/v2\/product"}],"about":[{"href":"https:\/\/www.adreducation.ca\/fr\/wp-json\/wp\/v2\/types\/product"}],"wp:featuredmedia":[{"embeddable":true,"href":"https:\/\/www.adreducation.ca\/fr\/wp-json\/wp\/v2\/media\/4798"}],"wp:attachment":[{"href":"https:\/\/www.adreducation.ca\/fr\/wp-json\/wp\/v2\/media?parent=4978"}],"wp:term":[{"taxonomy":"product_brand","embeddable":true,"href":"https:\/\/www.adreducation.ca\/fr\/wp-json\/wp\/v2\/product_brand?post=4978"},{"taxonomy":"product_cat","embeddable":true,"href":"https:\/\/www.adreducation.ca\/fr\/wp-json\/wp\/v2\/product_cat?post=4978"},{"taxonomy":"product_tag","embeddable":true,"href":"https:\/\/www.adreducation.ca\/fr\/wp-json\/wp\/v2\/product_tag?post=4978"}],"curies":[{"name":"wp","href":"https:\/\/api.w.org\/{rel}","templated":true}]}}