{"id":4968,"date":"2025-10-30T13:42:34","date_gmt":"2025-10-30T20:42:34","guid":{"rendered":"https:\/\/www.adreducation.ca\/?post_type=product&#038;p=4968"},"modified":"2025-11-19T02:13:23","modified_gmt":"2025-11-19T10:13:23","slug":"la-pratique-de-la-meditation-2e-edition-pdf-anglais","status":"publish","type":"product","link":"https:\/\/www.adreducation.ca\/fr\/produit\/la-pratique-de-la-meditation-2e-edition-pdf-anglais\/","title":{"rendered":"The Practice of Meditation, 2nd Edition (PDF, English)"},"content":{"rendered":"<div id=\"tw-container\" class=\"nev7se\" data-cp=\"1\" data-nnttsvi=\"1\" data-ntl-tooltip=\"true\" data-sletp=\"false\" data-sm=\"1\" data-ssbp=\"true\" data-sugg-time=\"500\" data-sugg-url=\"https:\/\/clients1.google.com\/complete\/search\" data-uilc=\"en\" data-vil=\",af,af-ZA,am,am-ET,ar-EG,ar-AE,ar-KW,ar-QA,ar,ar-IL,ar-JO,ar-LB,ar-PS,az,az-AZ,bg,bg-BG,bn,bn-BD,bn-IN,ca,ca-es,cs,cs-CZ,de,de-DE,de-CH,de-AT,de-LI,en,en-US,en-CA,en-AU,en-NZ,en-GB,en-IN,en-KE,en-TZ,en-NG,en-GH,en-PH,en-ZA,es,es-ES,es-AR,es-UY,es-419,es-BO,es-CL,es-CR,es-CO,es-DO,es-EC,es-GT,es-HN,es-NI,es-PA,es-PE,es-PR,es-PY,es-SV,es-VE,es-MX,es-US,eu,eu-ES,fi,fi-FI,fr,fr-FR,fr-CH,fr-BE,gl,gl-ES,gu,gu-IN,he,he-IL,iw,iw-IL,hu,hu-HU,hy,hy-AM,id,id-ID,is,is-IS,it,it-IT,it-CH,ja,ja-JP,jv,jv-ID,ka,ka-GE,km,km-KH,kn,kn-IN,ko,ko-KR,la,lo,lo-LA,lv,lv-LV,ml,ml-IN,mr,mr-IN,ms,ms-MY,nl,nl-NL,nb,nb-NO,ne,ne-NP,pl,pl-PL,pt,pt-BR,pt-PT,ro,ro-RO,ru,ru-RU,si-LK,sk,sk-SK,sr,sr-RS,su,su-ID,sv,sv-SE,sw,sw-TZ,sw-KE,ta,ta-IN,ta-SG,ta-LK,ta-MY,te,te-IN,tr,tr-TR,ur,ur-PK,ur-IN,yue,yue-HK,yue-Hant-HK,zh-HK,zh,zh-CN,zh-cmn,zh-cmn-CN,zh-Hans,zh-Hans-CN,zh-cmn-Hans,zh-cmn-Hans-CN,cmn-CN,cmn-Hans,cmn-Hans-CN,zh-TW,zh-Hant-TW,cmn-TW,cmn-Hant-TW,zh-cmn-TW,zh-cmn-Hant-TW,zu,zu-ZA\">\n<div id=\"tw-ob\" class=\"tw-src-ltr\">\n<div class=\"oSioSc\">\n<div id=\"tw-target\">\n<div id=\"kAz1tf\" class=\"g9WsWb PZPZlf\" data-attrid=\"tw-targetArea\" data-entityname=\"Google Translate\">\n<div id=\"tw-target-text-container\" class=\"tw-ta-container tw-nfl\" tabindex=\"0\" role=\"text\">\n<pre id=\"tw-target-text\" class=\"tw-data-text tw-text-large tw-ta\" dir=\"ltr\" tabindex=\"-1\" role=\"text\" data-placeholder=\"Translation\" data-ved=\"2ahUKEwjrx9eb-v2QAxUhDDQIHVzmJ1EQ3ewLegQIDBAW\" aria-label=\"Translated text: Un guide pratique et populaire sur le processus de m\u00e9diation \u00e0 l'intention des futurs m\u00e9diateurs et facilitateurs. Ce court ouvrage didactique d\u00e9finit clairement et simplement l'attitude, le processus et les comp\u00e9tences n\u00e9cessaires \u00e0 la m\u00e9diation ax\u00e9e sur les int\u00e9r\u00eats. Largement utilis\u00e9 dans les programmes de formation de m\u00e9diateurs et les \u00e9tablissements d'enseignement postsecondaire du Canada, il constitue une ressource d'apprentissage essentielle pour quiconque pourrait \u00eatre amen\u00e9 \u00e0 jouer un r\u00f4le de m\u00e9diateur (\u00e0 titre professionnel ou autre). L'exemplaire papier compte 86 pages et est reli\u00e9 en spirale.\">A popular and practical guide on the mediation process for the would-be mediator\/facilitator. This short instructional text clearly and simply defines the attitude, process and skills employed in interest-based mediation. This text is widely used in mediator training programs and post-secondary institutions across Canada and is an essential learning reference for anyone who might find themselves in a mediator-role (professionally, or otherwise). Hardcopy manuals are 86-pages and spiral bound.<\/pre>\n<\/div>\n<\/div>\n<\/div>\n<\/div>\n<\/div>\n<\/div>\n","protected":false},"excerpt":{"rendered":"<p>A popular and practical guide on the mediation process for the would-be mediator\/facilitator. This short instructional text clearly and simply defines the attitude, process and skills employed in interest-based mediation. This text is widely used in mediator training programs and post-secondary institutions across Canada and is an essential learning reference for anyone who might find [&hellip;]<\/p>\n","protected":false},"featured_media":4798,"template":"","meta":[],"product_brand":[],"product_cat":[],"product_tag":[],"class_list":{"0":"post-4968","1":"product","2":"type-product","3":"status-publish","4":"has-post-thumbnail","7":"first","8":"instock","9":"downloadable","10":"virtual","11":"taxable","12":"purchasable","13":"product-type-simple"},"yoast_head":"<!-- This site is optimized with the Yoast SEO plugin v27.2 - https:\/\/yoast.com\/product\/yoast-seo-wordpress\/ -->\n<title>The Practice of Meditation, 2nd Edition (PDF, English) - ADR Education<\/title>\n<meta name=\"robots\" content=\"index, follow, max-snippet:-1, max-image-preview:large, max-video-preview:-1\" \/>\n<link rel=\"canonical\" href=\"https:\/\/www.adreducation.ca\/fr\/produit\/la-pratique-de-la-meditation-2e-edition-pdf-anglais\/\" \/>\n<script type=\"application\/ld+json\" class=\"yoast-schema-graph\">{\"@context\":\"https:\/\/schema.org\",\"@graph\":[{\"@type\":\"WebPage\",\"@id\":\"https:\/\/www.adreducation.ca\/fr\/produit\/la-pratique-de-la-meditation-2e-edition-pdf-anglais\/\",\"url\":\"https:\/\/www.adreducation.ca\/fr\/produit\/la-pratique-de-la-meditation-2e-edition-pdf-anglais\/\",\"name\":\"The Practice of Meditation, 2nd Edition (PDF, English) - ADR Education\",\"isPartOf\":{\"@id\":\"https:\/\/www.adreducation.ca\/#website\"},\"primaryImageOfPage\":{\"@id\":\"https:\/\/www.adreducation.ca\/fr\/produit\/la-pratique-de-la-meditation-2e-edition-pdf-anglais\/#primaryimage\"},\"image\":{\"@id\":\"https:\/\/www.adreducation.ca\/fr\/produit\/la-pratique-de-la-meditation-2e-edition-pdf-anglais\/#primaryimage\"},\"thumbnailUrl\":\"https:\/\/www.adreducation.ca\/wp-content\/uploads\/2025\/10\/practice-of-meditation.png\",\"datePublished\":\"2025-10-30T20:42:34+00:00\",\"dateModified\":\"2025-11-19T10:13:23+00:00\",\"breadcrumb\":{\"@id\":\"https:\/\/www.adreducation.ca\/fr\/produit\/la-pratique-de-la-meditation-2e-edition-pdf-anglais\/#breadcrumb\"},\"inLanguage\":\"fr-FR\",\"potentialAction\":[{\"@type\":\"ReadAction\",\"target\":[\"https:\/\/www.adreducation.ca\/fr\/produit\/la-pratique-de-la-meditation-2e-edition-pdf-anglais\/\"]}]},{\"@type\":\"ImageObject\",\"inLanguage\":\"fr-FR\",\"@id\":\"https:\/\/www.adreducation.ca\/fr\/produit\/la-pratique-de-la-meditation-2e-edition-pdf-anglais\/#primaryimage\",\"url\":\"https:\/\/www.adreducation.ca\/wp-content\/uploads\/2025\/10\/practice-of-meditation.png\",\"contentUrl\":\"https:\/\/www.adreducation.ca\/wp-content\/uploads\/2025\/10\/practice-of-meditation.png\",\"width\":651,\"height\":726},{\"@type\":\"BreadcrumbList\",\"@id\":\"https:\/\/www.adreducation.ca\/fr\/produit\/la-pratique-de-la-meditation-2e-edition-pdf-anglais\/#breadcrumb\",\"itemListElement\":[{\"@type\":\"ListItem\",\"position\":1,\"name\":\"Home\",\"item\":\"https:\/\/www.adreducation.ca\/fr\/\"},{\"@type\":\"ListItem\",\"position\":2,\"name\":\"Boutique\",\"item\":\"https:\/\/www.adreducation.ca\/fr\/boutique\/\"},{\"@type\":\"ListItem\",\"position\":3,\"name\":\"The Practice of Meditation, 2nd Edition (PDF, English)\"}]},{\"@type\":\"WebSite\",\"@id\":\"https:\/\/www.adreducation.ca\/#website\",\"url\":\"https:\/\/www.adreducation.ca\/\",\"name\":\"ADR Education\",\"description\":\"Turning conflicts and disputes into opportunities for growth.\",\"publisher\":{\"@id\":\"https:\/\/www.adreducation.ca\/#organization\"},\"potentialAction\":[{\"@type\":\"SearchAction\",\"target\":{\"@type\":\"EntryPoint\",\"urlTemplate\":\"https:\/\/www.adreducation.ca\/?s={search_term_string}\"},\"query-input\":{\"@type\":\"PropertyValueSpecification\",\"valueRequired\":true,\"valueName\":\"search_term_string\"}}],\"inLanguage\":\"fr-FR\"},{\"@type\":\"Organization\",\"@id\":\"https:\/\/www.adreducation.ca\/#organization\",\"name\":\"ADR Education\",\"url\":\"https:\/\/www.adreducation.ca\/\",\"logo\":{\"@type\":\"ImageObject\",\"inLanguage\":\"fr-FR\",\"@id\":\"https:\/\/www.adreducation.ca\/#\/schema\/logo\/image\/\",\"url\":\"https:\/\/www.adreducation.ca\/wp-content\/uploads\/2023\/08\/ADR_logo-01.svg\",\"contentUrl\":\"https:\/\/www.adreducation.ca\/wp-content\/uploads\/2023\/08\/ADR_logo-01.svg\",\"caption\":\"ADR Education\"},\"image\":{\"@id\":\"https:\/\/www.adreducation.ca\/#\/schema\/logo\/image\/\"}}]}<\/script>\n<!-- \/ Yoast SEO plugin. -->","yoast_head_json":{"title":"The Practice of Meditation, 2nd Edition (PDF, English) - ADR Education","robots":{"index":"index","follow":"follow","max-snippet":"max-snippet:-1","max-image-preview":"max-image-preview:large","max-video-preview":"max-video-preview:-1"},"canonical":"https:\/\/www.adreducation.ca\/fr\/produit\/la-pratique-de-la-meditation-2e-edition-pdf-anglais\/","schema":{"@context":"https:\/\/schema.org","@graph":[{"@type":"WebPage","@id":"https:\/\/www.adreducation.ca\/fr\/produit\/la-pratique-de-la-meditation-2e-edition-pdf-anglais\/","url":"https:\/\/www.adreducation.ca\/fr\/produit\/la-pratique-de-la-meditation-2e-edition-pdf-anglais\/","name":"The Practice of Meditation, 2nd Edition (PDF, English) - ADR Education","isPartOf":{"@id":"https:\/\/www.adreducation.ca\/#website"},"primaryImageOfPage":{"@id":"https:\/\/www.adreducation.ca\/fr\/produit\/la-pratique-de-la-meditation-2e-edition-pdf-anglais\/#primaryimage"},"image":{"@id":"https:\/\/www.adreducation.ca\/fr\/produit\/la-pratique-de-la-meditation-2e-edition-pdf-anglais\/#primaryimage"},"thumbnailUrl":"https:\/\/www.adreducation.ca\/wp-content\/uploads\/2025\/10\/practice-of-meditation.png","datePublished":"2025-10-30T20:42:34+00:00","dateModified":"2025-11-19T10:13:23+00:00","breadcrumb":{"@id":"https:\/\/www.adreducation.ca\/fr\/produit\/la-pratique-de-la-meditation-2e-edition-pdf-anglais\/#breadcrumb"},"inLanguage":"fr-FR","potentialAction":[{"@type":"ReadAction","target":["https:\/\/www.adreducation.ca\/fr\/produit\/la-pratique-de-la-meditation-2e-edition-pdf-anglais\/"]}]},{"@type":"ImageObject","inLanguage":"fr-FR","@id":"https:\/\/www.adreducation.ca\/fr\/produit\/la-pratique-de-la-meditation-2e-edition-pdf-anglais\/#primaryimage","url":"https:\/\/www.adreducation.ca\/wp-content\/uploads\/2025\/10\/practice-of-meditation.png","contentUrl":"https:\/\/www.adreducation.ca\/wp-content\/uploads\/2025\/10\/practice-of-meditation.png","width":651,"height":726},{"@type":"BreadcrumbList","@id":"https:\/\/www.adreducation.ca\/fr\/produit\/la-pratique-de-la-meditation-2e-edition-pdf-anglais\/#breadcrumb","itemListElement":[{"@type":"ListItem","position":1,"name":"Home","item":"https:\/\/www.adreducation.ca\/fr\/"},{"@type":"ListItem","position":2,"name":"Boutique","item":"https:\/\/www.adreducation.ca\/fr\/boutique\/"},{"@type":"ListItem","position":3,"name":"The Practice of Meditation, 2nd Edition (PDF, English)"}]},{"@type":"WebSite","@id":"https:\/\/www.adreducation.ca\/#website","url":"https:\/\/www.adreducation.ca\/","name":"ADR Education","description":"Turning conflicts and disputes into opportunities for growth.","publisher":{"@id":"https:\/\/www.adreducation.ca\/#organization"},"potentialAction":[{"@type":"SearchAction","target":{"@type":"EntryPoint","urlTemplate":"https:\/\/www.adreducation.ca\/?s={search_term_string}"},"query-input":{"@type":"PropertyValueSpecification","valueRequired":true,"valueName":"search_term_string"}}],"inLanguage":"fr-FR"},{"@type":"Organization","@id":"https:\/\/www.adreducation.ca\/#organization","name":"ADR Education","url":"https:\/\/www.adreducation.ca\/","logo":{"@type":"ImageObject","inLanguage":"fr-FR","@id":"https:\/\/www.adreducation.ca\/#\/schema\/logo\/image\/","url":"https:\/\/www.adreducation.ca\/wp-content\/uploads\/2023\/08\/ADR_logo-01.svg","contentUrl":"https:\/\/www.adreducation.ca\/wp-content\/uploads\/2023\/08\/ADR_logo-01.svg","caption":"ADR Education"},"image":{"@id":"https:\/\/www.adreducation.ca\/#\/schema\/logo\/image\/"}}]}},"_links":{"self":[{"href":"https:\/\/www.adreducation.ca\/fr\/wp-json\/wp\/v2\/product\/4968","targetHints":{"allow":["GET"]}}],"collection":[{"href":"https:\/\/www.adreducation.ca\/fr\/wp-json\/wp\/v2\/product"}],"about":[{"href":"https:\/\/www.adreducation.ca\/fr\/wp-json\/wp\/v2\/types\/product"}],"wp:featuredmedia":[{"embeddable":true,"href":"https:\/\/www.adreducation.ca\/fr\/wp-json\/wp\/v2\/media\/4798"}],"wp:attachment":[{"href":"https:\/\/www.adreducation.ca\/fr\/wp-json\/wp\/v2\/media?parent=4968"}],"wp:term":[{"taxonomy":"product_brand","embeddable":true,"href":"https:\/\/www.adreducation.ca\/fr\/wp-json\/wp\/v2\/product_brand?post=4968"},{"taxonomy":"product_cat","embeddable":true,"href":"https:\/\/www.adreducation.ca\/fr\/wp-json\/wp\/v2\/product_cat?post=4968"},{"taxonomy":"product_tag","embeddable":true,"href":"https:\/\/www.adreducation.ca\/fr\/wp-json\/wp\/v2\/product_tag?post=4968"}],"curies":[{"name":"wp","href":"https:\/\/api.w.org\/{rel}","templated":true}]}}