{"id":2743,"date":"2023-11-27T13:36:04","date_gmt":"2023-11-27T21:36:04","guid":{"rendered":"https:\/\/www.adreducation.ca\/qui-sommes-nous\/sylvie-matteau\/"},"modified":"2024-03-11T12:35:55","modified_gmt":"2024-03-11T19:35:55","slug":"sylvie-matteau","status":"publish","type":"page","link":"https:\/\/www.adreducation.ca\/fr\/notre-equipe\/sylvie-matteau\/","title":{"rendered":"Sylvie Matteau"},"content":{"rendered":"\t\t<div data-elementor-type=\"wp-page\" data-elementor-id=\"2743\" class=\"elementor elementor-2743 elementor-1276\" data-elementor-post-type=\"page\">\n\t\t\t\t<div class=\"elementor-element elementor-element-e6c4bf5 e-flex e-con-boxed e-con e-parent\" data-id=\"e6c4bf5\" data-element_type=\"container\" data-e-type=\"container\" data-settings=\"{&quot;background_background&quot;:&quot;classic&quot;}\">\n\t\t\t\t\t<div class=\"e-con-inner\">\n\t\t<div class=\"elementor-element elementor-element-3f8aedf e-flex e-con-boxed e-con e-child\" data-id=\"3f8aedf\" data-element_type=\"container\" data-e-type=\"container\">\n\t\t\t\t\t<div class=\"e-con-inner\">\n\t\t\t\t<div class=\"elementor-element elementor-element-c24ca23 elementor-widget elementor-widget-heading\" data-id=\"c24ca23\" data-element_type=\"widget\" data-e-type=\"widget\" data-widget_type=\"heading.default\">\n\t\t\t\t<div class=\"elementor-widget-container\">\n\t\t\t\t\t<h2 class=\"elementor-heading-title elementor-size-default\">Mieux conna\u00eetre ADR Education<\/h2>\t\t\t\t<\/div>\n\t\t\t\t<\/div>\n\t\t\t\t\t<\/div>\n\t\t\t\t<\/div>\n\t\t\t\t\t<\/div>\n\t\t\t\t<\/div>\n\t\t<div class=\"elementor-element elementor-element-d5c70f2 e-flex e-con-boxed e-con e-parent\" data-id=\"d5c70f2\" data-element_type=\"container\" data-e-type=\"container\">\n\t\t\t\t\t<div class=\"e-con-inner\">\n\t\t<div class=\"elementor-element elementor-element-66435c6 e-con-full e-flex e-con e-child\" data-id=\"66435c6\" data-element_type=\"container\" data-e-type=\"container\">\n\t\t\t\t<div class=\"elementor-element elementor-element-936c8a4 elementor-widget elementor-widget-image\" data-id=\"936c8a4\" data-element_type=\"widget\" data-e-type=\"widget\" data-widget_type=\"image.default\">\n\t\t\t\t<div class=\"elementor-widget-container\">\n\t\t\t\t\t\t\t\t\t\t\t\t\t\t\t<img fetchpriority=\"high\" decoding=\"async\" width=\"800\" height=\"800\" src=\"https:\/\/www.adreducation.ca\/wp-content\/uploads\/2024\/02\/slyvie-pp-1.jpg\" class=\"attachment-large size-large wp-image-3864\" alt=\"Sylvie headshot\" srcset=\"https:\/\/www.adreducation.ca\/wp-content\/uploads\/2024\/02\/slyvie-pp-1.jpg 1000w, https:\/\/www.adreducation.ca\/wp-content\/uploads\/2024\/02\/slyvie-pp-1-300x300.jpg 300w, https:\/\/www.adreducation.ca\/wp-content\/uploads\/2024\/02\/slyvie-pp-1-100x100.jpg 100w, https:\/\/www.adreducation.ca\/wp-content\/uploads\/2024\/02\/slyvie-pp-1-600x600.jpg 600w, https:\/\/www.adreducation.ca\/wp-content\/uploads\/2024\/02\/slyvie-pp-1-150x150.jpg 150w, https:\/\/www.adreducation.ca\/wp-content\/uploads\/2024\/02\/slyvie-pp-1-768x768.jpg 768w\" sizes=\"(max-width: 800px) 100vw, 800px\" \/>\t\t\t\t\t\t\t\t\t\t\t\t\t\t\t<\/div>\n\t\t\t\t<\/div>\n\t\t<div class=\"elementor-element elementor-element-12f88fc e-flex e-con-boxed e-con e-child\" data-id=\"12f88fc\" data-element_type=\"container\" data-e-type=\"container\">\n\t\t\t\t\t<div class=\"e-con-inner\">\n\t\t\t\t<div class=\"elementor-element elementor-element-00b9670 elementor-widget elementor-widget-heading\" data-id=\"00b9670\" data-element_type=\"widget\" data-e-type=\"widget\" data-widget_type=\"heading.default\">\n\t\t\t\t<div class=\"elementor-widget-container\">\n\t\t\t\t\t<h2 class=\"elementor-heading-title elementor-size-default\">Sylvie Matteau<\/h2>\t\t\t\t<\/div>\n\t\t\t\t<\/div>\n\t\t\t\t<div class=\"elementor-element elementor-element-bb0e375 elementor-widget elementor-widget-text-editor\" data-id=\"bb0e375\" data-element_type=\"widget\" data-e-type=\"widget\" data-widget_type=\"text-editor.default\">\n\t\t\t\t<div class=\"elementor-widget-container\">\n\t\t\t\t\t\t\t\t\t<p>collaboratrice et ex associ\u00e9e<\/p>\t\t\t\t\t\t\t\t<\/div>\n\t\t\t\t<\/div>\n\t\t\t\t<div class=\"elementor-element elementor-element-d2ce16d elementor-tablet-align-center elementor-align-start elementor-mobile-align-center elementor-icon-list--layout-traditional elementor-list-item-link-full_width elementor-widget elementor-widget-icon-list\" data-id=\"d2ce16d\" data-element_type=\"widget\" data-e-type=\"widget\" data-widget_type=\"icon-list.default\">\n\t\t\t\t<div class=\"elementor-widget-container\">\n\t\t\t\t\t\t\t<ul class=\"elementor-icon-list-items\">\n\t\t\t\t\t\t\t<li class=\"elementor-icon-list-item\">\n\t\t\t\t\t\t\t\t\t\t\t<a href=\"mailto:smatteau@adreducation.ca\">\n\n\t\t\t\t\t\t\t\t\t\t\t\t<span class=\"elementor-icon-list-icon\">\n\t\t\t\t\t\t\t<svg xmlns=\"http:\/\/www.w3.org\/2000\/svg\" id=\"Layer_1\" height=\"512\" viewBox=\"0 0 512 512\" width=\"512\" data-name=\"Layer 1\"><circle cx=\"256\" cy=\"256\" fill=\"#ffc107\" r=\"256\"><\/circle><path d=\"m408.343 362.786a10.171 10.171 0 0 0 10.157-10.158v-191.858l-155.283 123.31a11.594 11.594 0 0 1 -14.436 0l-155.281-123.31v191.858a10.169 10.169 0 0 0 10.157 10.158zm-12.62-213.572-139.723 110.956-139.725-110.956z\" fill=\"#fff\" fill-rule=\"evenodd\"><\/path><\/svg>\t\t\t\t\t\t<\/span>\n\t\t\t\t\t\t\t\t\t\t<span class=\"elementor-icon-list-text\">smatteau@adreducation.ca<\/span>\n\t\t\t\t\t\t\t\t\t\t\t<\/a>\n\t\t\t\t\t\t\t\t\t<\/li>\n\t\t\t\t\t\t<\/ul>\n\t\t\t\t\t\t<\/div>\n\t\t\t\t<\/div>\n\t\t\t\t\t<\/div>\n\t\t\t\t<\/div>\n\t\t\t\t<\/div>\n\t\t<div class=\"elementor-element elementor-element-d0700f7 e-con-full e-flex e-con e-child\" data-id=\"d0700f7\" data-element_type=\"container\" data-e-type=\"container\">\n\t\t\t\t<div class=\"elementor-element elementor-element-68e6aad elementor-widget elementor-widget-text-editor\" data-id=\"68e6aad\" data-element_type=\"widget\" data-e-type=\"widget\" data-widget_type=\"text-editor.default\">\n\t\t\t\t<div class=\"elementor-widget-container\">\n\t\t\t\t\t\t\t\t\t<p>Depuis plus de 20 ans, Sylvie aide les particuliers et les groupes \u00e0 r\u00e9gler de fa\u00e7on constructive leurs diff\u00e9rends. Elle est avocate et titulaire d\u2019une ma\u00eetrise en droit international de l\u2019Universit\u00e9 McGill. Son travail l\u2019a amen\u00e9e au fil des ans \u00e0 accepter de nombreux mandats \u00e0 l\u2019\u00e9tranger. L\u2019int\u00e9r\u00eat de Sylvie pour tout ce qui touche de pr\u00e8s ou de loin au r\u00e8glement des conflits ne date pas d\u2019hier. C\u2019est en 1984, lorsqu\u2019elle se joint \u00e0 l\u2019Institut canadien pour la paix et la s\u00e9curit\u00e9 internationale, que cet int\u00e9r\u00eat est n\u00e9. Quelques ann\u00e9es plus tard, elle cr\u00e9e \u00e0 Montr\u00e9al l\u2019un des premiers services de m\u00e9diation professionnelle, intervenant \u00e0 titre de m\u00e9diatrice ou de facilitatrice dans de nombreux diff\u00e9rends (m\u00e9diations civiles, commerciales ou familiales, droit du travail et diff\u00e9rends d\u2019ordre public).&nbsp;<\/p><p>Sylvie aime l\u2019enthousiasme que les clients et les participants aux ateliers de formation ne manquent pas de manifester lorsqu\u2019ils exp\u00e9rimentent les techniques pr\u00e9sent\u00e9es et qu\u2019ils acqui\u00e8rent les comp\u00e9tences qui leur permettront de g\u00e9rer de fa\u00e7on constructive les conflits dans leur environnement de travail. Elle a \u00e9t\u00e9 charg\u00e9e de cours \u00e0 l\u2019Universit\u00e9 Sherbrooke dans le cadre du programme de ma\u00eetrise en gestion et a prononc\u00e9 des allocutions \u00e0 de nombreux colloques (Universit\u00e9 McGill, Interaction Conferences, universit\u00e9 pontificale catholique du Chili, Conseil d\u2019arbitrage du Cambodge, International Ombudsman Association).&nbsp;<\/p>\n<p>En 2003, Sylvie est nomm\u00e9e vice-pr\u00e9sidente de la Commission des relations de travail et de l\u2019emploi dans le secteur public f\u00e9d\u00e9ral o\u00f9 elle exerce les fonctions d\u2019arbitre et de m\u00e9diatrice. Depuis 2006, elle conseille divers organismes f\u00e9d\u00e9raux dans le cadre de la r\u00e9vision de la politique de pr\u00e9vention du harc\u00e8lement au travail et de l\u2019\u00e9laboration de normes de pratique pour les syst\u00e8mes de gestion des conflits. Elle a aid\u00e9 notamment \u00e0 l\u2019am\u00e9lioration du programme de gestion informelle des conflits \u00e0 la Gendarmerie Royale du Canada et \u00e0 Sant\u00e9 Canada.&nbsp;<\/p>\n<p>Sylvie met \u00e0 profit cette vaste exp\u00e9rience en proposant une offre de services renouvel\u00e9e en mati\u00e8re de coaching, de consultation, d\u2019arbitrage, d\u2019enqu\u00eate, de facilitation et de m\u00e9diation dans le cadre de son association \u00e0 long terme avec ADR Education.<\/p>\t\t\t\t\t\t\t\t<\/div>\n\t\t\t\t<\/div>\n\t\t\t\t<\/div>\n\t\t\t\t\t<\/div>\n\t\t\t\t<\/div>\n\t\t<div class=\"elementor-element elementor-element-d0a5f77 e-flex e-con-boxed e-con e-parent\" data-id=\"d0a5f77\" data-element_type=\"container\" data-e-type=\"container\" data-settings=\"{&quot;background_background&quot;:&quot;classic&quot;}\">\n\t\t\t\t\t<div class=\"e-con-inner\">\n\t\t\t\t<div class=\"elementor-element elementor-element-b384d04 elementor-widget elementor-widget-heading\" data-id=\"b384d04\" data-element_type=\"widget\" data-e-type=\"widget\" data-widget_type=\"heading.default\">\n\t\t\t\t<div class=\"elementor-widget-container\">\n\t\t\t\t\t<h2 class=\"elementor-heading-title elementor-size-default\">Laissez-nous vous aider<\/h2>\t\t\t\t<\/div>\n\t\t\t\t<\/div>\n\t\t\t\t<div class=\"elementor-element elementor-element-4063ce4 elementor-widget elementor-widget-text-editor\" data-id=\"4063ce4\" data-element_type=\"widget\" data-e-type=\"widget\" data-widget_type=\"text-editor.default\">\n\t\t\t\t<div class=\"elementor-widget-container\">\n\t\t\t\t\t\t\t\t\tVous pouvez compter sur ADR \u00c9ducation pour d\u00e9samorcer un conflit qui pointe \u00e0 l\u2019horizon ou pour am\u00e9liorer vos habilet\u00e9s en r\u00e9solution de probl\u00e8mes. Communiquez avec nous pour en savoir plus sur nos programmes de formation en gestion des conflits et r\u00e9solution des diff\u00e9rends.\t\t\t\t\t\t\t\t<\/div>\n\t\t\t\t<\/div>\n\t\t\t\t<div class=\"elementor-element elementor-element-4c90977 elementor-align-center elementor-widget elementor-widget-button\" data-id=\"4c90977\" data-element_type=\"widget\" data-e-type=\"widget\" data-widget_type=\"button.default\">\n\t\t\t\t<div class=\"elementor-widget-container\">\n\t\t\t\t\t\t\t\t\t<div class=\"elementor-button-wrapper\">\n\t\t\t\t\t<a class=\"elementor-button elementor-button-link elementor-size-sm\" href=\"https:\/\/www.adreducation.ca\/fr\/nous-joindre\/\">\n\t\t\t\t\t\t<span class=\"elementor-button-content-wrapper\">\n\t\t\t\t\t\t\t\t\t<span class=\"elementor-button-text\">Contactez-nous<\/span>\n\t\t\t\t\t<\/span>\n\t\t\t\t\t<\/a>\n\t\t\t\t<\/div>\n\t\t\t\t\t\t\t\t<\/div>\n\t\t\t\t<\/div>\n\t\t\t\t\t<\/div>\n\t\t\t\t<\/div>\n\t\t\t\t<\/div>\n\t\t","protected":false},"excerpt":{"rendered":"<p>Mieux conna\u00eetre ADR Education Sylvie Matteau collaboratrice et ex associ\u00e9e smatteau@adreducation.ca Depuis plus de 20 ans, Sylvie aide les particuliers et les groupes \u00e0 r\u00e9gler de fa\u00e7on constructive leurs diff\u00e9rends. Elle est avocate et titulaire d\u2019une ma\u00eetrise en droit international de l\u2019Universit\u00e9 McGill. Son travail l\u2019a amen\u00e9e au fil des ans \u00e0 accepter de nombreux [&hellip;]<\/p>\n","protected":false},"author":1,"featured_media":0,"parent":2687,"menu_order":0,"comment_status":"closed","ping_status":"closed","template":"","meta":{"footnotes":""},"class_list":["post-2743","page","type-page","status-publish","hentry"],"yoast_head":"<!-- This site is optimized with the Yoast SEO plugin v27.2 - https:\/\/yoast.com\/product\/yoast-seo-wordpress\/ -->\n<title>Sylvie Matteau - ADR Education<\/title>\n<meta name=\"description\" content=\"Sylvie est avocate et titulaire d\u2019une ma\u00eetrise en droit international. Elle aide depuis plus de 24\u00a0ans les particuliers et les groupes \u00e0 r\u00e9gler de fa\u00e7on constructive leurs conflits.\" \/>\n<meta name=\"robots\" content=\"index, follow, max-snippet:-1, max-image-preview:large, max-video-preview:-1\" \/>\n<link rel=\"canonical\" href=\"https:\/\/www.adreducation.ca\/fr\/notre-equipe\/sylvie-matteau\/\" \/>\n<script type=\"application\/ld+json\" class=\"yoast-schema-graph\">{\"@context\":\"https:\/\/schema.org\",\"@graph\":[{\"@type\":\"WebPage\",\"@id\":\"https:\/\/www.adreducation.ca\/fr\/notre-equipe\/sylvie-matteau\/\",\"url\":\"https:\/\/www.adreducation.ca\/fr\/notre-equipe\/sylvie-matteau\/\",\"name\":\"Sylvie Matteau - ADR Education\",\"isPartOf\":{\"@id\":\"https:\/\/www.adreducation.ca\/#website\"},\"primaryImageOfPage\":{\"@id\":\"https:\/\/www.adreducation.ca\/fr\/notre-equipe\/sylvie-matteau\/#primaryimage\"},\"image\":{\"@id\":\"https:\/\/www.adreducation.ca\/fr\/notre-equipe\/sylvie-matteau\/#primaryimage\"},\"thumbnailUrl\":\"https:\/\/www.adreducation.ca\/wp-content\/uploads\/2024\/02\/slyvie-pp-1.jpg\",\"datePublished\":\"2023-11-27T21:36:04+00:00\",\"dateModified\":\"2024-03-11T19:35:55+00:00\",\"description\":\"Sylvie est avocate et titulaire d\u2019une ma\u00eetrise en droit international. Elle aide depuis plus de 24\u00a0ans les particuliers et les groupes \u00e0 r\u00e9gler de fa\u00e7on constructive leurs conflits.\",\"breadcrumb\":{\"@id\":\"https:\/\/www.adreducation.ca\/fr\/notre-equipe\/sylvie-matteau\/#breadcrumb\"},\"inLanguage\":\"fr-FR\",\"potentialAction\":[{\"@type\":\"ReadAction\",\"target\":[\"https:\/\/www.adreducation.ca\/fr\/notre-equipe\/sylvie-matteau\/\"]}]},{\"@type\":\"ImageObject\",\"inLanguage\":\"fr-FR\",\"@id\":\"https:\/\/www.adreducation.ca\/fr\/notre-equipe\/sylvie-matteau\/#primaryimage\",\"url\":\"https:\/\/www.adreducation.ca\/wp-content\/uploads\/2024\/02\/slyvie-pp-1.jpg\",\"contentUrl\":\"https:\/\/www.adreducation.ca\/wp-content\/uploads\/2024\/02\/slyvie-pp-1.jpg\"},{\"@type\":\"BreadcrumbList\",\"@id\":\"https:\/\/www.adreducation.ca\/fr\/notre-equipe\/sylvie-matteau\/#breadcrumb\",\"itemListElement\":[{\"@type\":\"ListItem\",\"position\":1,\"name\":\"Home\",\"item\":\"https:\/\/www.adreducation.ca\/fr\/\"},{\"@type\":\"ListItem\",\"position\":2,\"name\":\"Notre \u00c9quipe\",\"item\":\"https:\/\/www.adreducation.ca\/fr\/notre-equipe\/\"},{\"@type\":\"ListItem\",\"position\":3,\"name\":\"Sylvie Matteau\"}]},{\"@type\":\"WebSite\",\"@id\":\"https:\/\/www.adreducation.ca\/#website\",\"url\":\"https:\/\/www.adreducation.ca\/\",\"name\":\"ADR Education\",\"description\":\"Turning conflicts and disputes into opportunities for growth.\",\"publisher\":{\"@id\":\"https:\/\/www.adreducation.ca\/#organization\"},\"potentialAction\":[{\"@type\":\"SearchAction\",\"target\":{\"@type\":\"EntryPoint\",\"urlTemplate\":\"https:\/\/www.adreducation.ca\/?s={search_term_string}\"},\"query-input\":{\"@type\":\"PropertyValueSpecification\",\"valueRequired\":true,\"valueName\":\"search_term_string\"}}],\"inLanguage\":\"fr-FR\"},{\"@type\":\"Organization\",\"@id\":\"https:\/\/www.adreducation.ca\/#organization\",\"name\":\"ADR Education\",\"url\":\"https:\/\/www.adreducation.ca\/\",\"logo\":{\"@type\":\"ImageObject\",\"inLanguage\":\"fr-FR\",\"@id\":\"https:\/\/www.adreducation.ca\/#\/schema\/logo\/image\/\",\"url\":\"https:\/\/www.adreducation.ca\/wp-content\/uploads\/2023\/08\/ADR_logo-01.svg\",\"contentUrl\":\"https:\/\/www.adreducation.ca\/wp-content\/uploads\/2023\/08\/ADR_logo-01.svg\",\"caption\":\"ADR Education\"},\"image\":{\"@id\":\"https:\/\/www.adreducation.ca\/#\/schema\/logo\/image\/\"}}]}<\/script>\n<!-- \/ Yoast SEO plugin. -->","yoast_head_json":{"title":"Sylvie Matteau - ADR Education","description":"Sylvie est avocate et titulaire d\u2019une ma\u00eetrise en droit international. Elle aide depuis plus de 24\u00a0ans les particuliers et les groupes \u00e0 r\u00e9gler de fa\u00e7on constructive leurs conflits.","robots":{"index":"index","follow":"follow","max-snippet":"max-snippet:-1","max-image-preview":"max-image-preview:large","max-video-preview":"max-video-preview:-1"},"canonical":"https:\/\/www.adreducation.ca\/fr\/notre-equipe\/sylvie-matteau\/","schema":{"@context":"https:\/\/schema.org","@graph":[{"@type":"WebPage","@id":"https:\/\/www.adreducation.ca\/fr\/notre-equipe\/sylvie-matteau\/","url":"https:\/\/www.adreducation.ca\/fr\/notre-equipe\/sylvie-matteau\/","name":"Sylvie Matteau - ADR Education","isPartOf":{"@id":"https:\/\/www.adreducation.ca\/#website"},"primaryImageOfPage":{"@id":"https:\/\/www.adreducation.ca\/fr\/notre-equipe\/sylvie-matteau\/#primaryimage"},"image":{"@id":"https:\/\/www.adreducation.ca\/fr\/notre-equipe\/sylvie-matteau\/#primaryimage"},"thumbnailUrl":"https:\/\/www.adreducation.ca\/wp-content\/uploads\/2024\/02\/slyvie-pp-1.jpg","datePublished":"2023-11-27T21:36:04+00:00","dateModified":"2024-03-11T19:35:55+00:00","description":"Sylvie est avocate et titulaire d\u2019une ma\u00eetrise en droit international. Elle aide depuis plus de 24\u00a0ans les particuliers et les groupes \u00e0 r\u00e9gler de fa\u00e7on constructive leurs conflits.","breadcrumb":{"@id":"https:\/\/www.adreducation.ca\/fr\/notre-equipe\/sylvie-matteau\/#breadcrumb"},"inLanguage":"fr-FR","potentialAction":[{"@type":"ReadAction","target":["https:\/\/www.adreducation.ca\/fr\/notre-equipe\/sylvie-matteau\/"]}]},{"@type":"ImageObject","inLanguage":"fr-FR","@id":"https:\/\/www.adreducation.ca\/fr\/notre-equipe\/sylvie-matteau\/#primaryimage","url":"https:\/\/www.adreducation.ca\/wp-content\/uploads\/2024\/02\/slyvie-pp-1.jpg","contentUrl":"https:\/\/www.adreducation.ca\/wp-content\/uploads\/2024\/02\/slyvie-pp-1.jpg"},{"@type":"BreadcrumbList","@id":"https:\/\/www.adreducation.ca\/fr\/notre-equipe\/sylvie-matteau\/#breadcrumb","itemListElement":[{"@type":"ListItem","position":1,"name":"Home","item":"https:\/\/www.adreducation.ca\/fr\/"},{"@type":"ListItem","position":2,"name":"Notre \u00c9quipe","item":"https:\/\/www.adreducation.ca\/fr\/notre-equipe\/"},{"@type":"ListItem","position":3,"name":"Sylvie Matteau"}]},{"@type":"WebSite","@id":"https:\/\/www.adreducation.ca\/#website","url":"https:\/\/www.adreducation.ca\/","name":"ADR Education","description":"Turning conflicts and disputes into opportunities for growth.","publisher":{"@id":"https:\/\/www.adreducation.ca\/#organization"},"potentialAction":[{"@type":"SearchAction","target":{"@type":"EntryPoint","urlTemplate":"https:\/\/www.adreducation.ca\/?s={search_term_string}"},"query-input":{"@type":"PropertyValueSpecification","valueRequired":true,"valueName":"search_term_string"}}],"inLanguage":"fr-FR"},{"@type":"Organization","@id":"https:\/\/www.adreducation.ca\/#organization","name":"ADR Education","url":"https:\/\/www.adreducation.ca\/","logo":{"@type":"ImageObject","inLanguage":"fr-FR","@id":"https:\/\/www.adreducation.ca\/#\/schema\/logo\/image\/","url":"https:\/\/www.adreducation.ca\/wp-content\/uploads\/2023\/08\/ADR_logo-01.svg","contentUrl":"https:\/\/www.adreducation.ca\/wp-content\/uploads\/2023\/08\/ADR_logo-01.svg","caption":"ADR Education"},"image":{"@id":"https:\/\/www.adreducation.ca\/#\/schema\/logo\/image\/"}}]}},"_links":{"self":[{"href":"https:\/\/www.adreducation.ca\/fr\/wp-json\/wp\/v2\/pages\/2743","targetHints":{"allow":["GET"]}}],"collection":[{"href":"https:\/\/www.adreducation.ca\/fr\/wp-json\/wp\/v2\/pages"}],"about":[{"href":"https:\/\/www.adreducation.ca\/fr\/wp-json\/wp\/v2\/types\/page"}],"author":[{"embeddable":true,"href":"https:\/\/www.adreducation.ca\/fr\/wp-json\/wp\/v2\/users\/1"}],"replies":[{"embeddable":true,"href":"https:\/\/www.adreducation.ca\/fr\/wp-json\/wp\/v2\/comments?post=2743"}],"version-history":[{"count":27,"href":"https:\/\/www.adreducation.ca\/fr\/wp-json\/wp\/v2\/pages\/2743\/revisions"}],"predecessor-version":[{"id":4378,"href":"https:\/\/www.adreducation.ca\/fr\/wp-json\/wp\/v2\/pages\/2743\/revisions\/4378"}],"up":[{"embeddable":true,"href":"https:\/\/www.adreducation.ca\/fr\/wp-json\/wp\/v2\/pages\/2687"}],"wp:attachment":[{"href":"https:\/\/www.adreducation.ca\/fr\/wp-json\/wp\/v2\/media?parent=2743"}],"curies":[{"name":"wp","href":"https:\/\/api.w.org\/{rel}","templated":true}]}}