{"id":2740,"date":"2023-11-27T13:09:40","date_gmt":"2023-11-27T21:09:40","guid":{"rendered":"https:\/\/www.adreducation.ca\/qui-sommes-nous\/sylvain-lefebvre\/"},"modified":"2024-03-11T12:35:40","modified_gmt":"2024-03-11T19:35:40","slug":"sylvain-lefebvre","status":"publish","type":"page","link":"https:\/\/www.adreducation.ca\/fr\/notre-equipe\/sylvain-lefebvre\/","title":{"rendered":"Sylvain Lefebvre"},"content":{"rendered":"\t\t<div data-elementor-type=\"wp-page\" data-elementor-id=\"2740\" class=\"elementor elementor-2740 elementor-1191\" data-elementor-post-type=\"page\">\n\t\t\t\t<div class=\"elementor-element elementor-element-95766c1 e-flex e-con-boxed e-con e-parent\" data-id=\"95766c1\" data-element_type=\"container\" data-e-type=\"container\" data-settings=\"{&quot;background_background&quot;:&quot;classic&quot;}\">\n\t\t\t\t\t<div class=\"e-con-inner\">\n\t\t<div class=\"elementor-element elementor-element-4402a4e e-flex e-con-boxed e-con e-child\" data-id=\"4402a4e\" data-element_type=\"container\" data-e-type=\"container\">\n\t\t\t\t\t<div class=\"e-con-inner\">\n\t\t\t\t<div class=\"elementor-element elementor-element-38ea1bd elementor-widget elementor-widget-heading\" data-id=\"38ea1bd\" data-element_type=\"widget\" data-e-type=\"widget\" data-widget_type=\"heading.default\">\n\t\t\t\t<div class=\"elementor-widget-container\">\n\t\t\t\t\t<h2 class=\"elementor-heading-title elementor-size-default\">Mieux conna\u00eetre ADR Education<\/h2>\t\t\t\t<\/div>\n\t\t\t\t<\/div>\n\t\t\t\t\t<\/div>\n\t\t\t\t<\/div>\n\t\t\t\t\t<\/div>\n\t\t\t\t<\/div>\n\t\t<div class=\"elementor-element elementor-element-b5cca1f e-flex e-con-boxed e-con e-parent\" data-id=\"b5cca1f\" data-element_type=\"container\" data-e-type=\"container\">\n\t\t\t\t\t<div class=\"e-con-inner\">\n\t\t<div class=\"elementor-element elementor-element-14c9457 e-con-full e-flex e-con e-child\" data-id=\"14c9457\" data-element_type=\"container\" data-e-type=\"container\">\n\t\t\t\t<div class=\"elementor-element elementor-element-8f7ca85 elementor-widget elementor-widget-image\" data-id=\"8f7ca85\" data-element_type=\"widget\" data-e-type=\"widget\" data-widget_type=\"image.default\">\n\t\t\t\t<div class=\"elementor-widget-container\">\n\t\t\t\t\t\t\t\t\t\t\t\t\t\t\t<img fetchpriority=\"high\" decoding=\"async\" width=\"800\" height=\"800\" src=\"https:\/\/www.adreducation.ca\/wp-content\/uploads\/2024\/01\/slyvain-profile-pic-1.jpg\" class=\"attachment-large size-large wp-image-3473\" alt=\"Sylvain headshot\" srcset=\"https:\/\/www.adreducation.ca\/wp-content\/uploads\/2024\/01\/slyvain-profile-pic-1.jpg 1000w, https:\/\/www.adreducation.ca\/wp-content\/uploads\/2024\/01\/slyvain-profile-pic-1-300x300.jpg 300w, https:\/\/www.adreducation.ca\/wp-content\/uploads\/2024\/01\/slyvain-profile-pic-1-100x100.jpg 100w, https:\/\/www.adreducation.ca\/wp-content\/uploads\/2024\/01\/slyvain-profile-pic-1-600x600.jpg 600w, https:\/\/www.adreducation.ca\/wp-content\/uploads\/2024\/01\/slyvain-profile-pic-1-150x150.jpg 150w, https:\/\/www.adreducation.ca\/wp-content\/uploads\/2024\/01\/slyvain-profile-pic-1-768x768.jpg 768w\" sizes=\"(max-width: 800px) 100vw, 800px\" \/>\t\t\t\t\t\t\t\t\t\t\t\t\t\t\t<\/div>\n\t\t\t\t<\/div>\n\t\t<div class=\"elementor-element elementor-element-2c5ce56 e-flex e-con-boxed e-con e-child\" data-id=\"2c5ce56\" data-element_type=\"container\" data-e-type=\"container\">\n\t\t\t\t\t<div class=\"e-con-inner\">\n\t\t\t\t<div class=\"elementor-element elementor-element-576573e elementor-widget elementor-widget-heading\" data-id=\"576573e\" data-element_type=\"widget\" data-e-type=\"widget\" data-widget_type=\"heading.default\">\n\t\t\t\t<div class=\"elementor-widget-container\">\n\t\t\t\t\t<h2 class=\"elementor-heading-title elementor-size-default\">Sylvain Lefebvre<\/h2>\t\t\t\t<\/div>\n\t\t\t\t<\/div>\n\t\t\t\t<div class=\"elementor-element elementor-element-7571ec1 elementor-widget elementor-widget-text-editor\" data-id=\"7571ec1\" data-element_type=\"widget\" data-e-type=\"widget\" data-widget_type=\"text-editor.default\">\n\t\t\t\t<div class=\"elementor-widget-container\">\n\t\t\t\t\t\t\t\t\t<p>associ\u00e9<\/p>\t\t\t\t\t\t\t\t<\/div>\n\t\t\t\t<\/div>\n\t\t\t\t<div class=\"elementor-element elementor-element-db4de3f elementor-tablet-align-center elementor-align-start elementor-mobile-align-center elementor-icon-list--layout-traditional elementor-list-item-link-full_width elementor-widget elementor-widget-icon-list\" data-id=\"db4de3f\" data-element_type=\"widget\" data-e-type=\"widget\" data-widget_type=\"icon-list.default\">\n\t\t\t\t<div class=\"elementor-widget-container\">\n\t\t\t\t\t\t\t<ul class=\"elementor-icon-list-items\">\n\t\t\t\t\t\t\t<li class=\"elementor-icon-list-item\">\n\t\t\t\t\t\t\t\t\t\t\t<a href=\"mailto:slefebvre@adreducation.ca\">\n\n\t\t\t\t\t\t\t\t\t\t\t\t<span class=\"elementor-icon-list-icon\">\n\t\t\t\t\t\t\t<svg xmlns=\"http:\/\/www.w3.org\/2000\/svg\" id=\"Layer_1\" height=\"512\" viewBox=\"0 0 512 512\" width=\"512\" data-name=\"Layer 1\"><circle cx=\"256\" cy=\"256\" fill=\"#ffc107\" r=\"256\"><\/circle><path d=\"m408.343 362.786a10.171 10.171 0 0 0 10.157-10.158v-191.858l-155.283 123.31a11.594 11.594 0 0 1 -14.436 0l-155.281-123.31v191.858a10.169 10.169 0 0 0 10.157 10.158zm-12.62-213.572-139.723 110.956-139.725-110.956z\" fill=\"#fff\" fill-rule=\"evenodd\"><\/path><\/svg>\t\t\t\t\t\t<\/span>\n\t\t\t\t\t\t\t\t\t\t<span class=\"elementor-icon-list-text\">slefebvre@adreducation.ca<\/span>\n\t\t\t\t\t\t\t\t\t\t\t<\/a>\n\t\t\t\t\t\t\t\t\t<\/li>\n\t\t\t\t\t\t<\/ul>\n\t\t\t\t\t\t<\/div>\n\t\t\t\t<\/div>\n\t\t\t\t\t<\/div>\n\t\t\t\t<\/div>\n\t\t\t\t<\/div>\n\t\t<div class=\"elementor-element elementor-element-286bff0 e-con-full e-flex e-con e-child\" data-id=\"286bff0\" data-element_type=\"container\" data-e-type=\"container\">\n\t\t\t\t<div class=\"elementor-element elementor-element-3b2d899 elementor-widget elementor-widget-text-editor\" data-id=\"3b2d899\" data-element_type=\"widget\" data-e-type=\"widget\" data-widget_type=\"text-editor.default\">\n\t\t\t\t<div class=\"elementor-widget-container\">\n\t\t\t\t\t\t\t\t\t<p>Sylvain est un partenaire d\u2019ADR \u00c9ducation. En janvier 2022, c\u2019est \u00e0 titre d\u2019associ\u00e9 qu\u2019il a d\u00e9but\u00e9 sa collaboration avec l\u2019entreprise. Sylvain a \u0153uvr\u00e9 26 ans dans les minist\u00e8res f\u00e9d\u00e9raux, soit 20 ans au Service correctionnel du Canada et 6 ans \u00e0 l\u2019Agence canadienne d\u2019inspection des aliments, o\u00f9 il a occup\u00e9 le poste de Gestionnaire national du programme, Syst\u00e8me de gestion informelle des conflits. Sylvain a \u00e9galement une exp\u00e9rience de plus de 25 ans dans le secteur de la sant\u00e9. Ses aptitudes et ses exp\u00e9riences dans divers r\u00f4les cl\u00e9s tels que repr\u00e9sentant syndical, gestionnaire, n\u00e9gociateur et m\u00e9diateur ont suscit\u00e9 son int\u00e9r\u00eat pour la r\u00e9solution informelle des conflits. Depuis, sa motivation n\u2019a jamais cess\u00e9 de grandir.\u00a0<\/p><p>Au cours des 10 derni\u00e8res ann\u00e9es, Sylvain a particip\u00e9 \u00e0 diverses formations toujours connexes \u00e0 la gestion des conflits, telles que : m\u00e9diation, coaching, facilitation, encadrement, tierce partie neutre, et la tenue d\u2019enqu\u00eate. Sylvain a \u00e9t\u00e9 pr\u00e9sident du R\u00e9seau francophone des praticiens en r\u00e9solutions de conflits, un groupe pancanadien de 90 professionnels dans le domaine de la r\u00e9solution de conflits actifs, dans des organismes du gouvernement f\u00e9d\u00e9ral. Il a \u00e9t\u00e9 un membre actif au Comit\u00e9 f\u00e9d\u00e9ral de r\u00e9solution informelle des conflits. \u00c0 ce jour, Sylvain cumule au-del\u00e0 de 1200 interventions dans le domaine. Il est intervenu aupr\u00e8s de diff\u00e9rents paliers du secteur publique, institutions et entreprises priv\u00e9s. \u00c0 cela s\u2019ajoute les enqu\u00eates et les \u00e9valuations en milieu de travail. Il se sp\u00e9cialise dans le coaching, la formation, la m\u00e9diation, la facilitation du dialogue d\u2019\u00e9quipe ainsi que les processus de restauration. Par sa personnalit\u00e9, Sylvain promouvoit une approche humaine et collaborative.<\/p>\t\t\t\t\t\t\t\t<\/div>\n\t\t\t\t<\/div>\n\t\t\t\t<\/div>\n\t\t\t\t\t<\/div>\n\t\t\t\t<\/div>\n\t\t<div class=\"elementor-element elementor-element-d36c5c3 e-flex e-con-boxed e-con e-parent\" data-id=\"d36c5c3\" data-element_type=\"container\" data-e-type=\"container\" data-settings=\"{&quot;background_background&quot;:&quot;classic&quot;}\">\n\t\t\t\t\t<div class=\"e-con-inner\">\n\t\t\t\t<div class=\"elementor-element elementor-element-256cb76 elementor-widget elementor-widget-heading\" data-id=\"256cb76\" data-element_type=\"widget\" data-e-type=\"widget\" data-widget_type=\"heading.default\">\n\t\t\t\t<div class=\"elementor-widget-container\">\n\t\t\t\t\t<h2 class=\"elementor-heading-title elementor-size-default\">Laissez-nous vous aider<\/h2>\t\t\t\t<\/div>\n\t\t\t\t<\/div>\n\t\t\t\t<div class=\"elementor-element elementor-element-98b3d8d elementor-widget elementor-widget-text-editor\" data-id=\"98b3d8d\" data-element_type=\"widget\" data-e-type=\"widget\" data-widget_type=\"text-editor.default\">\n\t\t\t\t<div class=\"elementor-widget-container\">\n\t\t\t\t\t\t\t\t\tVous pouvez compter sur ADR \u00c9ducation pour d\u00e9samorcer un conflit qui pointe \u00e0 l\u2019horizon ou pour am\u00e9liorer vos habilet\u00e9s en r\u00e9solution de probl\u00e8mes. Communiquez avec nous pour en savoir plus sur nos programmes de formation en gestion des conflits et r\u00e9solution des diff\u00e9rends.\t\t\t\t\t\t\t\t<\/div>\n\t\t\t\t<\/div>\n\t\t\t\t<div class=\"elementor-element elementor-element-c01b7af elementor-align-center elementor-widget elementor-widget-button\" data-id=\"c01b7af\" data-element_type=\"widget\" data-e-type=\"widget\" data-widget_type=\"button.default\">\n\t\t\t\t<div class=\"elementor-widget-container\">\n\t\t\t\t\t\t\t\t\t<div class=\"elementor-button-wrapper\">\n\t\t\t\t\t<a class=\"elementor-button elementor-button-link elementor-size-sm\" href=\"https:\/\/www.adreducation.ca\/fr\/nous-joindre\/\">\n\t\t\t\t\t\t<span class=\"elementor-button-content-wrapper\">\n\t\t\t\t\t\t\t\t\t<span class=\"elementor-button-text\">Contactez-nous<\/span>\n\t\t\t\t\t<\/span>\n\t\t\t\t\t<\/a>\n\t\t\t\t<\/div>\n\t\t\t\t\t\t\t\t<\/div>\n\t\t\t\t<\/div>\n\t\t\t\t\t<\/div>\n\t\t\t\t<\/div>\n\t\t\t\t<\/div>\n\t\t","protected":false},"excerpt":{"rendered":"<p>Mieux conna\u00eetre ADR Education Sylvain Lefebvre associ\u00e9 slefebvre@adreducation.ca Sylvain est un partenaire d\u2019ADR \u00c9ducation. En janvier 2022, c\u2019est \u00e0 titre d\u2019associ\u00e9 qu\u2019il a d\u00e9but\u00e9 sa collaboration avec l\u2019entreprise. Sylvain a \u0153uvr\u00e9 26 ans dans les minist\u00e8res f\u00e9d\u00e9raux, soit 20 ans au Service correctionnel du Canada et 6 ans \u00e0 l\u2019Agence canadienne d\u2019inspection des aliments, o\u00f9 [&hellip;]<\/p>\n","protected":false},"author":1,"featured_media":0,"parent":2687,"menu_order":0,"comment_status":"closed","ping_status":"closed","template":"","meta":{"footnotes":""},"class_list":["post-2740","page","type-page","status-publish","hentry"],"yoast_head":"<!-- This site is optimized with the Yoast SEO plugin v27.2 - https:\/\/yoast.com\/product\/yoast-seo-wordpress\/ -->\n<title>Sylvain Lefebvre - ADR Education<\/title>\n<meta name=\"description\" content=\"Avant de se joindre \u00e0 ADR Education, Sylvain a travaill\u00e9 pendant 26\u00a0ans dans des minist\u00e8res f\u00e9d\u00e9raux, 20\u00a0ans au Service correctionnel du Canada et six ans \u00e0 l\u2019Agence canadienne d\u2019inspection des aliments.\" \/>\n<meta name=\"robots\" content=\"index, follow, max-snippet:-1, max-image-preview:large, max-video-preview:-1\" \/>\n<link rel=\"canonical\" href=\"https:\/\/www.adreducation.ca\/fr\/notre-equipe\/sylvain-lefebvre\/\" \/>\n<script type=\"application\/ld+json\" class=\"yoast-schema-graph\">{\"@context\":\"https:\/\/schema.org\",\"@graph\":[{\"@type\":\"WebPage\",\"@id\":\"https:\/\/www.adreducation.ca\/fr\/notre-equipe\/sylvain-lefebvre\/\",\"url\":\"https:\/\/www.adreducation.ca\/fr\/notre-equipe\/sylvain-lefebvre\/\",\"name\":\"Sylvain Lefebvre - ADR Education\",\"isPartOf\":{\"@id\":\"https:\/\/www.adreducation.ca\/#website\"},\"primaryImageOfPage\":{\"@id\":\"https:\/\/www.adreducation.ca\/fr\/notre-equipe\/sylvain-lefebvre\/#primaryimage\"},\"image\":{\"@id\":\"https:\/\/www.adreducation.ca\/fr\/notre-equipe\/sylvain-lefebvre\/#primaryimage\"},\"thumbnailUrl\":\"https:\/\/www.adreducation.ca\/wp-content\/uploads\/2024\/01\/slyvain-profile-pic-1.jpg\",\"datePublished\":\"2023-11-27T21:09:40+00:00\",\"dateModified\":\"2024-03-11T19:35:40+00:00\",\"description\":\"Avant de se joindre \u00e0 ADR Education, Sylvain a travaill\u00e9 pendant 26\u00a0ans dans des minist\u00e8res f\u00e9d\u00e9raux, 20\u00a0ans au Service correctionnel du Canada et six ans \u00e0 l\u2019Agence canadienne d\u2019inspection des aliments.\",\"breadcrumb\":{\"@id\":\"https:\/\/www.adreducation.ca\/fr\/notre-equipe\/sylvain-lefebvre\/#breadcrumb\"},\"inLanguage\":\"fr-FR\",\"potentialAction\":[{\"@type\":\"ReadAction\",\"target\":[\"https:\/\/www.adreducation.ca\/fr\/notre-equipe\/sylvain-lefebvre\/\"]}]},{\"@type\":\"ImageObject\",\"inLanguage\":\"fr-FR\",\"@id\":\"https:\/\/www.adreducation.ca\/fr\/notre-equipe\/sylvain-lefebvre\/#primaryimage\",\"url\":\"https:\/\/www.adreducation.ca\/wp-content\/uploads\/2024\/01\/slyvain-profile-pic-1.jpg\",\"contentUrl\":\"https:\/\/www.adreducation.ca\/wp-content\/uploads\/2024\/01\/slyvain-profile-pic-1.jpg\"},{\"@type\":\"BreadcrumbList\",\"@id\":\"https:\/\/www.adreducation.ca\/fr\/notre-equipe\/sylvain-lefebvre\/#breadcrumb\",\"itemListElement\":[{\"@type\":\"ListItem\",\"position\":1,\"name\":\"Home\",\"item\":\"https:\/\/www.adreducation.ca\/fr\/\"},{\"@type\":\"ListItem\",\"position\":2,\"name\":\"Notre \u00c9quipe\",\"item\":\"https:\/\/www.adreducation.ca\/fr\/notre-equipe\/\"},{\"@type\":\"ListItem\",\"position\":3,\"name\":\"Sylvain Lefebvre\"}]},{\"@type\":\"WebSite\",\"@id\":\"https:\/\/www.adreducation.ca\/#website\",\"url\":\"https:\/\/www.adreducation.ca\/\",\"name\":\"ADR Education\",\"description\":\"Turning conflicts and disputes into opportunities for growth.\",\"publisher\":{\"@id\":\"https:\/\/www.adreducation.ca\/#organization\"},\"potentialAction\":[{\"@type\":\"SearchAction\",\"target\":{\"@type\":\"EntryPoint\",\"urlTemplate\":\"https:\/\/www.adreducation.ca\/?s={search_term_string}\"},\"query-input\":{\"@type\":\"PropertyValueSpecification\",\"valueRequired\":true,\"valueName\":\"search_term_string\"}}],\"inLanguage\":\"fr-FR\"},{\"@type\":\"Organization\",\"@id\":\"https:\/\/www.adreducation.ca\/#organization\",\"name\":\"ADR Education\",\"url\":\"https:\/\/www.adreducation.ca\/\",\"logo\":{\"@type\":\"ImageObject\",\"inLanguage\":\"fr-FR\",\"@id\":\"https:\/\/www.adreducation.ca\/#\/schema\/logo\/image\/\",\"url\":\"https:\/\/www.adreducation.ca\/wp-content\/uploads\/2023\/08\/ADR_logo-01.svg\",\"contentUrl\":\"https:\/\/www.adreducation.ca\/wp-content\/uploads\/2023\/08\/ADR_logo-01.svg\",\"caption\":\"ADR Education\"},\"image\":{\"@id\":\"https:\/\/www.adreducation.ca\/#\/schema\/logo\/image\/\"}}]}<\/script>\n<!-- \/ Yoast SEO plugin. -->","yoast_head_json":{"title":"Sylvain Lefebvre - ADR Education","description":"Avant de se joindre \u00e0 ADR Education, Sylvain a travaill\u00e9 pendant 26\u00a0ans dans des minist\u00e8res f\u00e9d\u00e9raux, 20\u00a0ans au Service correctionnel du Canada et six ans \u00e0 l\u2019Agence canadienne d\u2019inspection des aliments.","robots":{"index":"index","follow":"follow","max-snippet":"max-snippet:-1","max-image-preview":"max-image-preview:large","max-video-preview":"max-video-preview:-1"},"canonical":"https:\/\/www.adreducation.ca\/fr\/notre-equipe\/sylvain-lefebvre\/","schema":{"@context":"https:\/\/schema.org","@graph":[{"@type":"WebPage","@id":"https:\/\/www.adreducation.ca\/fr\/notre-equipe\/sylvain-lefebvre\/","url":"https:\/\/www.adreducation.ca\/fr\/notre-equipe\/sylvain-lefebvre\/","name":"Sylvain Lefebvre - ADR Education","isPartOf":{"@id":"https:\/\/www.adreducation.ca\/#website"},"primaryImageOfPage":{"@id":"https:\/\/www.adreducation.ca\/fr\/notre-equipe\/sylvain-lefebvre\/#primaryimage"},"image":{"@id":"https:\/\/www.adreducation.ca\/fr\/notre-equipe\/sylvain-lefebvre\/#primaryimage"},"thumbnailUrl":"https:\/\/www.adreducation.ca\/wp-content\/uploads\/2024\/01\/slyvain-profile-pic-1.jpg","datePublished":"2023-11-27T21:09:40+00:00","dateModified":"2024-03-11T19:35:40+00:00","description":"Avant de se joindre \u00e0 ADR Education, Sylvain a travaill\u00e9 pendant 26\u00a0ans dans des minist\u00e8res f\u00e9d\u00e9raux, 20\u00a0ans au Service correctionnel du Canada et six ans \u00e0 l\u2019Agence canadienne d\u2019inspection des aliments.","breadcrumb":{"@id":"https:\/\/www.adreducation.ca\/fr\/notre-equipe\/sylvain-lefebvre\/#breadcrumb"},"inLanguage":"fr-FR","potentialAction":[{"@type":"ReadAction","target":["https:\/\/www.adreducation.ca\/fr\/notre-equipe\/sylvain-lefebvre\/"]}]},{"@type":"ImageObject","inLanguage":"fr-FR","@id":"https:\/\/www.adreducation.ca\/fr\/notre-equipe\/sylvain-lefebvre\/#primaryimage","url":"https:\/\/www.adreducation.ca\/wp-content\/uploads\/2024\/01\/slyvain-profile-pic-1.jpg","contentUrl":"https:\/\/www.adreducation.ca\/wp-content\/uploads\/2024\/01\/slyvain-profile-pic-1.jpg"},{"@type":"BreadcrumbList","@id":"https:\/\/www.adreducation.ca\/fr\/notre-equipe\/sylvain-lefebvre\/#breadcrumb","itemListElement":[{"@type":"ListItem","position":1,"name":"Home","item":"https:\/\/www.adreducation.ca\/fr\/"},{"@type":"ListItem","position":2,"name":"Notre \u00c9quipe","item":"https:\/\/www.adreducation.ca\/fr\/notre-equipe\/"},{"@type":"ListItem","position":3,"name":"Sylvain Lefebvre"}]},{"@type":"WebSite","@id":"https:\/\/www.adreducation.ca\/#website","url":"https:\/\/www.adreducation.ca\/","name":"ADR Education","description":"Turning conflicts and disputes into opportunities for growth.","publisher":{"@id":"https:\/\/www.adreducation.ca\/#organization"},"potentialAction":[{"@type":"SearchAction","target":{"@type":"EntryPoint","urlTemplate":"https:\/\/www.adreducation.ca\/?s={search_term_string}"},"query-input":{"@type":"PropertyValueSpecification","valueRequired":true,"valueName":"search_term_string"}}],"inLanguage":"fr-FR"},{"@type":"Organization","@id":"https:\/\/www.adreducation.ca\/#organization","name":"ADR Education","url":"https:\/\/www.adreducation.ca\/","logo":{"@type":"ImageObject","inLanguage":"fr-FR","@id":"https:\/\/www.adreducation.ca\/#\/schema\/logo\/image\/","url":"https:\/\/www.adreducation.ca\/wp-content\/uploads\/2023\/08\/ADR_logo-01.svg","contentUrl":"https:\/\/www.adreducation.ca\/wp-content\/uploads\/2023\/08\/ADR_logo-01.svg","caption":"ADR Education"},"image":{"@id":"https:\/\/www.adreducation.ca\/#\/schema\/logo\/image\/"}}]}},"_links":{"self":[{"href":"https:\/\/www.adreducation.ca\/fr\/wp-json\/wp\/v2\/pages\/2740","targetHints":{"allow":["GET"]}}],"collection":[{"href":"https:\/\/www.adreducation.ca\/fr\/wp-json\/wp\/v2\/pages"}],"about":[{"href":"https:\/\/www.adreducation.ca\/fr\/wp-json\/wp\/v2\/types\/page"}],"author":[{"embeddable":true,"href":"https:\/\/www.adreducation.ca\/fr\/wp-json\/wp\/v2\/users\/1"}],"replies":[{"embeddable":true,"href":"https:\/\/www.adreducation.ca\/fr\/wp-json\/wp\/v2\/comments?post=2740"}],"version-history":[{"count":24,"href":"https:\/\/www.adreducation.ca\/fr\/wp-json\/wp\/v2\/pages\/2740\/revisions"}],"predecessor-version":[{"id":4377,"href":"https:\/\/www.adreducation.ca\/fr\/wp-json\/wp\/v2\/pages\/2740\/revisions\/4377"}],"up":[{"embeddable":true,"href":"https:\/\/www.adreducation.ca\/fr\/wp-json\/wp\/v2\/pages\/2687"}],"wp:attachment":[{"href":"https:\/\/www.adreducation.ca\/fr\/wp-json\/wp\/v2\/media?parent=2740"}],"curies":[{"name":"wp","href":"https:\/\/api.w.org\/{rel}","templated":true}]}}