{"id":2734,"date":"2023-11-27T13:26:19","date_gmt":"2023-11-27T21:26:19","guid":{"rendered":"https:\/\/www.adreducation.ca\/qui-sommes-nous\/robert-pidgeon\/"},"modified":"2024-03-11T12:34:57","modified_gmt":"2024-03-11T19:34:57","slug":"robert-pidgeon","status":"publish","type":"page","link":"https:\/\/www.adreducation.ca\/fr\/notre-equipe\/robert-pidgeon\/","title":{"rendered":"Robert Pidgeon"},"content":{"rendered":"\t\t<div data-elementor-type=\"wp-page\" data-elementor-id=\"2734\" class=\"elementor elementor-2734 elementor-1242\" data-elementor-post-type=\"page\">\n\t\t\t\t<div class=\"elementor-element elementor-element-0f5ebbb e-flex e-con-boxed e-con e-parent\" data-id=\"0f5ebbb\" data-element_type=\"container\" data-e-type=\"container\" data-settings=\"{&quot;background_background&quot;:&quot;classic&quot;}\">\n\t\t\t\t\t<div class=\"e-con-inner\">\n\t\t<div class=\"elementor-element elementor-element-4c9f1d6 e-flex e-con-boxed e-con e-child\" data-id=\"4c9f1d6\" data-element_type=\"container\" data-e-type=\"container\">\n\t\t\t\t\t<div class=\"e-con-inner\">\n\t\t\t\t<div class=\"elementor-element elementor-element-d00cff2 elementor-widget elementor-widget-heading\" data-id=\"d00cff2\" data-element_type=\"widget\" data-e-type=\"widget\" data-widget_type=\"heading.default\">\n\t\t\t\t<div class=\"elementor-widget-container\">\n\t\t\t\t\t<h2 class=\"elementor-heading-title elementor-size-default\">Mieux conna\u00eetre ADR Education<\/h2>\t\t\t\t<\/div>\n\t\t\t\t<\/div>\n\t\t\t\t\t<\/div>\n\t\t\t\t<\/div>\n\t\t\t\t\t<\/div>\n\t\t\t\t<\/div>\n\t\t<div class=\"elementor-element elementor-element-7259ace e-flex e-con-boxed e-con e-parent\" data-id=\"7259ace\" data-element_type=\"container\" data-e-type=\"container\">\n\t\t\t\t\t<div class=\"e-con-inner\">\n\t\t<div class=\"elementor-element elementor-element-86d1fc4 e-con-full e-flex e-con e-child\" data-id=\"86d1fc4\" data-element_type=\"container\" data-e-type=\"container\">\n\t\t\t\t<div class=\"elementor-element elementor-element-9dea78d elementor-widget elementor-widget-image\" data-id=\"9dea78d\" data-element_type=\"widget\" data-e-type=\"widget\" data-widget_type=\"image.default\">\n\t\t\t\t<div class=\"elementor-widget-container\">\n\t\t\t\t\t\t\t\t\t\t\t\t\t\t\t<img fetchpriority=\"high\" decoding=\"async\" width=\"800\" height=\"800\" src=\"https:\/\/www.adreducation.ca\/wp-content\/uploads\/2024\/02\/robert-thumbnail-1.jpg\" class=\"attachment-large size-large wp-image-3856\" alt=\"Robert headshot\" srcset=\"https:\/\/www.adreducation.ca\/wp-content\/uploads\/2024\/02\/robert-thumbnail-1.jpg 1000w, https:\/\/www.adreducation.ca\/wp-content\/uploads\/2024\/02\/robert-thumbnail-1-300x300.jpg 300w, https:\/\/www.adreducation.ca\/wp-content\/uploads\/2024\/02\/robert-thumbnail-1-100x100.jpg 100w, https:\/\/www.adreducation.ca\/wp-content\/uploads\/2024\/02\/robert-thumbnail-1-600x600.jpg 600w, https:\/\/www.adreducation.ca\/wp-content\/uploads\/2024\/02\/robert-thumbnail-1-150x150.jpg 150w, https:\/\/www.adreducation.ca\/wp-content\/uploads\/2024\/02\/robert-thumbnail-1-768x768.jpg 768w\" sizes=\"(max-width: 800px) 100vw, 800px\" \/>\t\t\t\t\t\t\t\t\t\t\t\t\t\t\t<\/div>\n\t\t\t\t<\/div>\n\t\t<div class=\"elementor-element elementor-element-77e202d e-flex e-con-boxed e-con e-child\" data-id=\"77e202d\" data-element_type=\"container\" data-e-type=\"container\">\n\t\t\t\t\t<div class=\"e-con-inner\">\n\t\t\t\t<div class=\"elementor-element elementor-element-e823120 elementor-widget elementor-widget-heading\" data-id=\"e823120\" data-element_type=\"widget\" data-e-type=\"widget\" data-widget_type=\"heading.default\">\n\t\t\t\t<div class=\"elementor-widget-container\">\n\t\t\t\t\t<h2 class=\"elementor-heading-title elementor-size-default\">Robert Pidgeon<\/h2>\t\t\t\t<\/div>\n\t\t\t\t<\/div>\n\t\t\t\t<div class=\"elementor-element elementor-element-a71fea7 elementor-widget elementor-widget-text-editor\" data-id=\"a71fea7\" data-element_type=\"widget\" data-e-type=\"widget\" data-widget_type=\"text-editor.default\">\n\t\t\t\t<div class=\"elementor-widget-container\">\n\t\t\t\t\t\t\t\t\t<p>associ\u00e9<\/p>\t\t\t\t\t\t\t\t<\/div>\n\t\t\t\t<\/div>\n\t\t\t\t<div class=\"elementor-element elementor-element-717f3a7 elementor-tablet-align-center elementor-align-start elementor-mobile-align-center elementor-icon-list--layout-traditional elementor-list-item-link-full_width elementor-widget elementor-widget-icon-list\" data-id=\"717f3a7\" data-element_type=\"widget\" data-e-type=\"widget\" data-widget_type=\"icon-list.default\">\n\t\t\t\t<div class=\"elementor-widget-container\">\n\t\t\t\t\t\t\t<ul class=\"elementor-icon-list-items\">\n\t\t\t\t\t\t\t<li class=\"elementor-icon-list-item\">\n\t\t\t\t\t\t\t\t\t\t\t<a href=\"mailto:rpidgeon@adreducation.ca\">\n\n\t\t\t\t\t\t\t\t\t\t\t\t<span class=\"elementor-icon-list-icon\">\n\t\t\t\t\t\t\t<svg xmlns=\"http:\/\/www.w3.org\/2000\/svg\" id=\"Layer_1\" height=\"512\" viewBox=\"0 0 512 512\" width=\"512\" data-name=\"Layer 1\"><circle cx=\"256\" cy=\"256\" fill=\"#ffc107\" r=\"256\"><\/circle><path d=\"m408.343 362.786a10.171 10.171 0 0 0 10.157-10.158v-191.858l-155.283 123.31a11.594 11.594 0 0 1 -14.436 0l-155.281-123.31v191.858a10.169 10.169 0 0 0 10.157 10.158zm-12.62-213.572-139.723 110.956-139.725-110.956z\" fill=\"#fff\" fill-rule=\"evenodd\"><\/path><\/svg>\t\t\t\t\t\t<\/span>\n\t\t\t\t\t\t\t\t\t\t<span class=\"elementor-icon-list-text\">rpidgeon@adreducation.ca<\/span>\n\t\t\t\t\t\t\t\t\t\t\t<\/a>\n\t\t\t\t\t\t\t\t\t<\/li>\n\t\t\t\t\t\t<\/ul>\n\t\t\t\t\t\t<\/div>\n\t\t\t\t<\/div>\n\t\t\t\t\t<\/div>\n\t\t\t\t<\/div>\n\t\t\t\t<\/div>\n\t\t<div class=\"elementor-element elementor-element-a23684e e-con-full e-flex e-con e-child\" data-id=\"a23684e\" data-element_type=\"container\" data-e-type=\"container\">\n\t\t\t\t<div class=\"elementor-element elementor-element-23fedbe elementor-widget elementor-widget-text-editor\" data-id=\"23fedbe\" data-element_type=\"widget\" data-e-type=\"widget\" data-widget_type=\"text-editor.default\">\n\t\t\t\t<div class=\"elementor-widget-container\">\n\t\t\t\t\t\t\t\t\t<p>Robert poss\u00e8de deux ma\u00eetrises, une en gestion des conflits et une en math\u00e9matiques appliqu\u00e9es. La passion qu\u2019il nourrit depuis longtemps pour tout ce qui touche \u00e0 la r\u00e9solution de probl\u00e8mes complexes lui permet d\u2019aider les clients \u00e0 concevoir des processus d\u2019intervention adapt\u00e9s aux situations les plus difficiles. Robert a, par ailleurs, une nature curieuse qu\u2019il met au service des clients en les aidant \u00e0 mieux se comprendre et \u00e0 bien \u00e9valuer les enjeux d\u2019une situation conflictuelle. Les personnes peuvent ainsi transformer la situation conflictuelle et fixer des objectifs communs qui peuvent \u00eatre r\u00e9alis\u00e9s. Robert fournit ses services \u00e0 des clients de tout horizon (administrations publiques, entreprises du secteur priv\u00e9 et organismes sans but lucratif).<\/p><p>\u00c0 titre de m\u00e9diateur agr\u00e9\u00e9 et de p\u00e9dagogue accompli, Robert cherche \u00e0 obtenir la pleine participation des personnes qu\u2019il forme ou coache. Il a con\u00e7u au cours des 20 derni\u00e8res ann\u00e9es des centaines d\u2019ateliers personnalis\u00e9s pour un grand nombre de clients. Il donne \u00e9galement des cours en pr\u00e9vention et en gestion des conflits \u00e0 l\u2019Universit\u00e9 de Toronto, en Ontario, et est professeur agr\u00e9g\u00e9 au sein du programme de gestion et d\u2019analyse des conflits de l\u2019Universit\u00e9 Royal Roads, en Colombie-Britannique.<\/p><p>Robert fournit des services de m\u00e9diation, y compris les services d\u2019\u00e9valuation des conflits et d\u2019enqu\u00eate, ainsi que du coaching. Il poss\u00e8de une exp\u00e9rience pertinente dans la conception de processus qui favorisent un dialogue continu entre les parties int\u00e9ress\u00e9es, y compris les syndicats et les gestionnaires. Robert \u00e9value \u00e0 titre de b\u00e9n\u00e9vole les demandes d\u2019agr\u00e9ment pour le compte de l\u2019Institut d\u2019arbitrage et de m\u00e9diation de l\u2019Ontario.<\/p>\t\t\t\t\t\t\t\t<\/div>\n\t\t\t\t<\/div>\n\t\t\t\t<\/div>\n\t\t\t\t\t<\/div>\n\t\t\t\t<\/div>\n\t\t<div class=\"elementor-element elementor-element-a33868d e-flex e-con-boxed e-con e-parent\" data-id=\"a33868d\" data-element_type=\"container\" data-e-type=\"container\" data-settings=\"{&quot;background_background&quot;:&quot;classic&quot;}\">\n\t\t\t\t\t<div class=\"e-con-inner\">\n\t\t\t\t<div class=\"elementor-element elementor-element-7649974 elementor-widget elementor-widget-heading\" data-id=\"7649974\" data-element_type=\"widget\" data-e-type=\"widget\" data-widget_type=\"heading.default\">\n\t\t\t\t<div class=\"elementor-widget-container\">\n\t\t\t\t\t<h2 class=\"elementor-heading-title elementor-size-default\">Laissez-nous vous aider<\/h2>\t\t\t\t<\/div>\n\t\t\t\t<\/div>\n\t\t\t\t<div class=\"elementor-element elementor-element-23c6b7e elementor-widget elementor-widget-text-editor\" data-id=\"23c6b7e\" data-element_type=\"widget\" data-e-type=\"widget\" data-widget_type=\"text-editor.default\">\n\t\t\t\t<div class=\"elementor-widget-container\">\n\t\t\t\t\t\t\t\t\tVous pouvez compter sur ADR \u00c9ducation pour d\u00e9samorcer un conflit qui pointe \u00e0 l\u2019horizon ou pour am\u00e9liorer vos habilet\u00e9s en r\u00e9solution de probl\u00e8mes. Communiquez avec nous pour en savoir plus sur nos programmes de formation en gestion des conflits et r\u00e9solution des diff\u00e9rends.\t\t\t\t\t\t\t\t<\/div>\n\t\t\t\t<\/div>\n\t\t\t\t<div class=\"elementor-element elementor-element-30405ec elementor-align-center elementor-widget elementor-widget-button\" data-id=\"30405ec\" data-element_type=\"widget\" data-e-type=\"widget\" data-widget_type=\"button.default\">\n\t\t\t\t<div class=\"elementor-widget-container\">\n\t\t\t\t\t\t\t\t\t<div class=\"elementor-button-wrapper\">\n\t\t\t\t\t<a class=\"elementor-button elementor-button-link elementor-size-sm\" href=\"https:\/\/www.adreducation.ca\/fr\/nous-joindre\/\">\n\t\t\t\t\t\t<span class=\"elementor-button-content-wrapper\">\n\t\t\t\t\t\t\t\t\t<span class=\"elementor-button-text\">Contactez-nous<\/span>\n\t\t\t\t\t<\/span>\n\t\t\t\t\t<\/a>\n\t\t\t\t<\/div>\n\t\t\t\t\t\t\t\t<\/div>\n\t\t\t\t<\/div>\n\t\t\t\t\t<\/div>\n\t\t\t\t<\/div>\n\t\t\t\t<\/div>\n\t\t","protected":false},"excerpt":{"rendered":"<p>Mieux conna\u00eetre ADR Education Robert Pidgeon associ\u00e9 rpidgeon@adreducation.ca Robert poss\u00e8de deux ma\u00eetrises, une en gestion des conflits et une en math\u00e9matiques appliqu\u00e9es. La passion qu\u2019il nourrit depuis longtemps pour tout ce qui touche \u00e0 la r\u00e9solution de probl\u00e8mes complexes lui permet d\u2019aider les clients \u00e0 concevoir des processus d\u2019intervention adapt\u00e9s aux situations les plus difficiles. [&hellip;]<\/p>\n","protected":false},"author":1,"featured_media":0,"parent":2687,"menu_order":0,"comment_status":"closed","ping_status":"closed","template":"","meta":{"footnotes":""},"class_list":["post-2734","page","type-page","status-publish","hentry"],"yoast_head":"<!-- This site is optimized with the Yoast SEO plugin v27.5 - https:\/\/yoast.com\/product\/yoast-seo-wordpress\/ -->\n<title>Robert Pidgeon - ADR Education<\/title>\n<meta name=\"description\" content=\"Robert a con\u00e7u des centaines d\u2019ateliers. Il donne \u00e9galement des cours \u00e0 l\u2019Universit\u00e9 de Toronto et est professeur agr\u00e9g\u00e9 \u00e0 l\u2019Universit\u00e9 Royal Roads, en Colombie-Britannique.\" \/>\n<meta name=\"robots\" content=\"index, follow, max-snippet:-1, max-image-preview:large, max-video-preview:-1\" \/>\n<link rel=\"canonical\" href=\"https:\/\/www.adreducation.ca\/fr\/notre-equipe\/robert-pidgeon\/\" \/>\n<script type=\"application\/ld+json\" class=\"yoast-schema-graph\">{\"@context\":\"https:\\\/\\\/schema.org\",\"@graph\":[{\"@type\":\"WebPage\",\"@id\":\"https:\\\/\\\/www.adreducation.ca\\\/fr\\\/notre-equipe\\\/robert-pidgeon\\\/\",\"url\":\"https:\\\/\\\/www.adreducation.ca\\\/fr\\\/notre-equipe\\\/robert-pidgeon\\\/\",\"name\":\"Robert Pidgeon - ADR Education\",\"isPartOf\":{\"@id\":\"https:\\\/\\\/www.adreducation.ca\\\/#website\"},\"primaryImageOfPage\":{\"@id\":\"https:\\\/\\\/www.adreducation.ca\\\/fr\\\/notre-equipe\\\/robert-pidgeon\\\/#primaryimage\"},\"image\":{\"@id\":\"https:\\\/\\\/www.adreducation.ca\\\/fr\\\/notre-equipe\\\/robert-pidgeon\\\/#primaryimage\"},\"thumbnailUrl\":\"https:\\\/\\\/www.adreducation.ca\\\/wp-content\\\/uploads\\\/2024\\\/02\\\/robert-thumbnail-1.jpg\",\"datePublished\":\"2023-11-27T21:26:19+00:00\",\"dateModified\":\"2024-03-11T19:34:57+00:00\",\"description\":\"Robert a con\u00e7u des centaines d\u2019ateliers. Il donne \u00e9galement des cours \u00e0 l\u2019Universit\u00e9 de Toronto et est professeur agr\u00e9g\u00e9 \u00e0 l\u2019Universit\u00e9 Royal Roads, en Colombie-Britannique.\",\"breadcrumb\":{\"@id\":\"https:\\\/\\\/www.adreducation.ca\\\/fr\\\/notre-equipe\\\/robert-pidgeon\\\/#breadcrumb\"},\"inLanguage\":\"fr-FR\",\"potentialAction\":[{\"@type\":\"ReadAction\",\"target\":[\"https:\\\/\\\/www.adreducation.ca\\\/fr\\\/notre-equipe\\\/robert-pidgeon\\\/\"]}]},{\"@type\":\"ImageObject\",\"inLanguage\":\"fr-FR\",\"@id\":\"https:\\\/\\\/www.adreducation.ca\\\/fr\\\/notre-equipe\\\/robert-pidgeon\\\/#primaryimage\",\"url\":\"https:\\\/\\\/www.adreducation.ca\\\/wp-content\\\/uploads\\\/2024\\\/02\\\/robert-thumbnail-1.jpg\",\"contentUrl\":\"https:\\\/\\\/www.adreducation.ca\\\/wp-content\\\/uploads\\\/2024\\\/02\\\/robert-thumbnail-1.jpg\"},{\"@type\":\"BreadcrumbList\",\"@id\":\"https:\\\/\\\/www.adreducation.ca\\\/fr\\\/notre-equipe\\\/robert-pidgeon\\\/#breadcrumb\",\"itemListElement\":[{\"@type\":\"ListItem\",\"position\":1,\"name\":\"Home\",\"item\":\"https:\\\/\\\/www.adreducation.ca\\\/fr\\\/\"},{\"@type\":\"ListItem\",\"position\":2,\"name\":\"Notre \u00c9quipe\",\"item\":\"https:\\\/\\\/www.adreducation.ca\\\/fr\\\/notre-equipe\\\/\"},{\"@type\":\"ListItem\",\"position\":3,\"name\":\"Robert Pidgeon\"}]},{\"@type\":\"WebSite\",\"@id\":\"https:\\\/\\\/www.adreducation.ca\\\/#website\",\"url\":\"https:\\\/\\\/www.adreducation.ca\\\/\",\"name\":\"ADR Education\",\"description\":\"Turning conflicts and disputes into opportunities for growth.\",\"publisher\":{\"@id\":\"https:\\\/\\\/www.adreducation.ca\\\/#organization\"},\"potentialAction\":[{\"@type\":\"SearchAction\",\"target\":{\"@type\":\"EntryPoint\",\"urlTemplate\":\"https:\\\/\\\/www.adreducation.ca\\\/?s={search_term_string}\"},\"query-input\":{\"@type\":\"PropertyValueSpecification\",\"valueRequired\":true,\"valueName\":\"search_term_string\"}}],\"inLanguage\":\"fr-FR\"},{\"@type\":\"Organization\",\"@id\":\"https:\\\/\\\/www.adreducation.ca\\\/#organization\",\"name\":\"ADR Education\",\"url\":\"https:\\\/\\\/www.adreducation.ca\\\/\",\"logo\":{\"@type\":\"ImageObject\",\"inLanguage\":\"fr-FR\",\"@id\":\"https:\\\/\\\/www.adreducation.ca\\\/#\\\/schema\\\/logo\\\/image\\\/\",\"url\":\"https:\\\/\\\/www.adreducation.ca\\\/wp-content\\\/uploads\\\/2023\\\/08\\\/ADR_logo-01.svg\",\"contentUrl\":\"https:\\\/\\\/www.adreducation.ca\\\/wp-content\\\/uploads\\\/2023\\\/08\\\/ADR_logo-01.svg\",\"caption\":\"ADR Education\"},\"image\":{\"@id\":\"https:\\\/\\\/www.adreducation.ca\\\/#\\\/schema\\\/logo\\\/image\\\/\"}}]}<\/script>\n<!-- \/ Yoast SEO plugin. -->","yoast_head_json":{"title":"Robert Pidgeon - ADR Education","description":"Robert a con\u00e7u des centaines d\u2019ateliers. Il donne \u00e9galement des cours \u00e0 l\u2019Universit\u00e9 de Toronto et est professeur agr\u00e9g\u00e9 \u00e0 l\u2019Universit\u00e9 Royal Roads, en Colombie-Britannique.","robots":{"index":"index","follow":"follow","max-snippet":"max-snippet:-1","max-image-preview":"max-image-preview:large","max-video-preview":"max-video-preview:-1"},"canonical":"https:\/\/www.adreducation.ca\/fr\/notre-equipe\/robert-pidgeon\/","schema":{"@context":"https:\/\/schema.org","@graph":[{"@type":"WebPage","@id":"https:\/\/www.adreducation.ca\/fr\/notre-equipe\/robert-pidgeon\/","url":"https:\/\/www.adreducation.ca\/fr\/notre-equipe\/robert-pidgeon\/","name":"Robert Pidgeon - ADR Education","isPartOf":{"@id":"https:\/\/www.adreducation.ca\/#website"},"primaryImageOfPage":{"@id":"https:\/\/www.adreducation.ca\/fr\/notre-equipe\/robert-pidgeon\/#primaryimage"},"image":{"@id":"https:\/\/www.adreducation.ca\/fr\/notre-equipe\/robert-pidgeon\/#primaryimage"},"thumbnailUrl":"https:\/\/www.adreducation.ca\/wp-content\/uploads\/2024\/02\/robert-thumbnail-1.jpg","datePublished":"2023-11-27T21:26:19+00:00","dateModified":"2024-03-11T19:34:57+00:00","description":"Robert a con\u00e7u des centaines d\u2019ateliers. Il donne \u00e9galement des cours \u00e0 l\u2019Universit\u00e9 de Toronto et est professeur agr\u00e9g\u00e9 \u00e0 l\u2019Universit\u00e9 Royal Roads, en Colombie-Britannique.","breadcrumb":{"@id":"https:\/\/www.adreducation.ca\/fr\/notre-equipe\/robert-pidgeon\/#breadcrumb"},"inLanguage":"fr-FR","potentialAction":[{"@type":"ReadAction","target":["https:\/\/www.adreducation.ca\/fr\/notre-equipe\/robert-pidgeon\/"]}]},{"@type":"ImageObject","inLanguage":"fr-FR","@id":"https:\/\/www.adreducation.ca\/fr\/notre-equipe\/robert-pidgeon\/#primaryimage","url":"https:\/\/www.adreducation.ca\/wp-content\/uploads\/2024\/02\/robert-thumbnail-1.jpg","contentUrl":"https:\/\/www.adreducation.ca\/wp-content\/uploads\/2024\/02\/robert-thumbnail-1.jpg"},{"@type":"BreadcrumbList","@id":"https:\/\/www.adreducation.ca\/fr\/notre-equipe\/robert-pidgeon\/#breadcrumb","itemListElement":[{"@type":"ListItem","position":1,"name":"Home","item":"https:\/\/www.adreducation.ca\/fr\/"},{"@type":"ListItem","position":2,"name":"Notre \u00c9quipe","item":"https:\/\/www.adreducation.ca\/fr\/notre-equipe\/"},{"@type":"ListItem","position":3,"name":"Robert Pidgeon"}]},{"@type":"WebSite","@id":"https:\/\/www.adreducation.ca\/#website","url":"https:\/\/www.adreducation.ca\/","name":"ADR Education","description":"Turning conflicts and disputes into opportunities for growth.","publisher":{"@id":"https:\/\/www.adreducation.ca\/#organization"},"potentialAction":[{"@type":"SearchAction","target":{"@type":"EntryPoint","urlTemplate":"https:\/\/www.adreducation.ca\/?s={search_term_string}"},"query-input":{"@type":"PropertyValueSpecification","valueRequired":true,"valueName":"search_term_string"}}],"inLanguage":"fr-FR"},{"@type":"Organization","@id":"https:\/\/www.adreducation.ca\/#organization","name":"ADR Education","url":"https:\/\/www.adreducation.ca\/","logo":{"@type":"ImageObject","inLanguage":"fr-FR","@id":"https:\/\/www.adreducation.ca\/#\/schema\/logo\/image\/","url":"https:\/\/www.adreducation.ca\/wp-content\/uploads\/2023\/08\/ADR_logo-01.svg","contentUrl":"https:\/\/www.adreducation.ca\/wp-content\/uploads\/2023\/08\/ADR_logo-01.svg","caption":"ADR Education"},"image":{"@id":"https:\/\/www.adreducation.ca\/#\/schema\/logo\/image\/"}}]}},"_links":{"self":[{"href":"https:\/\/www.adreducation.ca\/fr\/wp-json\/wp\/v2\/pages\/2734","targetHints":{"allow":["GET"]}}],"collection":[{"href":"https:\/\/www.adreducation.ca\/fr\/wp-json\/wp\/v2\/pages"}],"about":[{"href":"https:\/\/www.adreducation.ca\/fr\/wp-json\/wp\/v2\/types\/page"}],"author":[{"embeddable":true,"href":"https:\/\/www.adreducation.ca\/fr\/wp-json\/wp\/v2\/users\/1"}],"replies":[{"embeddable":true,"href":"https:\/\/www.adreducation.ca\/fr\/wp-json\/wp\/v2\/comments?post=2734"}],"version-history":[{"count":21,"href":"https:\/\/www.adreducation.ca\/fr\/wp-json\/wp\/v2\/pages\/2734\/revisions"}],"predecessor-version":[{"id":4375,"href":"https:\/\/www.adreducation.ca\/fr\/wp-json\/wp\/v2\/pages\/2734\/revisions\/4375"}],"up":[{"embeddable":true,"href":"https:\/\/www.adreducation.ca\/fr\/wp-json\/wp\/v2\/pages\/2687"}],"wp:attachment":[{"href":"https:\/\/www.adreducation.ca\/fr\/wp-json\/wp\/v2\/media?parent=2734"}],"curies":[{"name":"wp","href":"https:\/\/api.w.org\/{rel}","templated":true}]}}