{"id":2716,"date":"2023-11-27T13:33:24","date_gmt":"2023-11-27T21:33:24","guid":{"rendered":"https:\/\/www.adreducation.ca\/qui-sommes-nous\/jamie-chicanot\/"},"modified":"2024-03-11T12:32:38","modified_gmt":"2024-03-11T19:32:38","slug":"jamie-chicanot","status":"publish","type":"page","link":"https:\/\/www.adreducation.ca\/fr\/notre-equipe\/jamie-chicanot\/","title":{"rendered":"Jamie Chicanot"},"content":{"rendered":"\t\t<div data-elementor-type=\"wp-page\" data-elementor-id=\"2716\" class=\"elementor elementor-2716 elementor-1263\" data-elementor-post-type=\"page\">\n\t\t\t\t<div class=\"elementor-element elementor-element-e7e798d e-flex e-con-boxed e-con e-parent\" data-id=\"e7e798d\" data-element_type=\"container\" data-e-type=\"container\" data-settings=\"{&quot;background_background&quot;:&quot;classic&quot;}\">\n\t\t\t\t\t<div class=\"e-con-inner\">\n\t\t<div class=\"elementor-element elementor-element-78485cb e-flex e-con-boxed e-con e-child\" data-id=\"78485cb\" data-element_type=\"container\" data-e-type=\"container\">\n\t\t\t\t\t<div class=\"e-con-inner\">\n\t\t\t\t<div class=\"elementor-element elementor-element-7cfe37c elementor-widget elementor-widget-heading\" data-id=\"7cfe37c\" data-element_type=\"widget\" data-e-type=\"widget\" data-widget_type=\"heading.default\">\n\t\t\t\t<div class=\"elementor-widget-container\">\n\t\t\t\t\t<h2 class=\"elementor-heading-title elementor-size-default\">Mieux conna\u00eetre ADR Education<\/h2>\t\t\t\t<\/div>\n\t\t\t\t<\/div>\n\t\t\t\t\t<\/div>\n\t\t\t\t<\/div>\n\t\t\t\t\t<\/div>\n\t\t\t\t<\/div>\n\t\t<div class=\"elementor-element elementor-element-df0912e e-flex e-con-boxed e-con e-parent\" data-id=\"df0912e\" data-element_type=\"container\" data-e-type=\"container\">\n\t\t\t\t\t<div class=\"e-con-inner\">\n\t\t<div class=\"elementor-element elementor-element-b05668e e-con-full e-flex e-con e-child\" data-id=\"b05668e\" data-element_type=\"container\" data-e-type=\"container\">\n\t\t\t\t<div class=\"elementor-element elementor-element-a074139 elementor-widget elementor-widget-image\" data-id=\"a074139\" data-element_type=\"widget\" data-e-type=\"widget\" data-widget_type=\"image.default\">\n\t\t\t\t<div class=\"elementor-widget-container\">\n\t\t\t\t\t\t\t\t\t\t\t\t\t\t\t<img fetchpriority=\"high\" decoding=\"async\" width=\"800\" height=\"800\" src=\"https:\/\/www.adreducation.ca\/wp-content\/uploads\/2024\/02\/jamie-pp-1.jpg\" class=\"attachment-large size-large wp-image-3862\" alt=\"Jamie headshot\" srcset=\"https:\/\/www.adreducation.ca\/wp-content\/uploads\/2024\/02\/jamie-pp-1.jpg 1000w, https:\/\/www.adreducation.ca\/wp-content\/uploads\/2024\/02\/jamie-pp-1-300x300.jpg 300w, https:\/\/www.adreducation.ca\/wp-content\/uploads\/2024\/02\/jamie-pp-1-100x100.jpg 100w, https:\/\/www.adreducation.ca\/wp-content\/uploads\/2024\/02\/jamie-pp-1-600x600.jpg 600w, https:\/\/www.adreducation.ca\/wp-content\/uploads\/2024\/02\/jamie-pp-1-150x150.jpg 150w, https:\/\/www.adreducation.ca\/wp-content\/uploads\/2024\/02\/jamie-pp-1-768x768.jpg 768w\" sizes=\"(max-width: 800px) 100vw, 800px\" \/>\t\t\t\t\t\t\t\t\t\t\t\t\t\t\t<\/div>\n\t\t\t\t<\/div>\n\t\t<div class=\"elementor-element elementor-element-63350ee e-flex e-con-boxed e-con e-child\" data-id=\"63350ee\" data-element_type=\"container\" data-e-type=\"container\">\n\t\t\t\t\t<div class=\"e-con-inner\">\n\t\t\t\t<div class=\"elementor-element elementor-element-968b4ea elementor-widget elementor-widget-heading\" data-id=\"968b4ea\" data-element_type=\"widget\" data-e-type=\"widget\" data-widget_type=\"heading.default\">\n\t\t\t\t<div class=\"elementor-widget-container\">\n\t\t\t\t\t<h2 class=\"elementor-heading-title elementor-size-default\">Jamie Chicanot<\/h2>\t\t\t\t<\/div>\n\t\t\t\t<\/div>\n\t\t\t\t<div class=\"elementor-element elementor-element-404ff16 elementor-widget elementor-widget-text-editor\" data-id=\"404ff16\" data-element_type=\"widget\" data-e-type=\"widget\" data-widget_type=\"text-editor.default\">\n\t\t\t\t<div class=\"elementor-widget-container\">\n\t\t\t\t\t\t\t\t\t<p>collaborateur et ex associ\u00e9<\/p>\t\t\t\t\t\t\t\t<\/div>\n\t\t\t\t<\/div>\n\t\t\t\t<div class=\"elementor-element elementor-element-030bffa elementor-tablet-align-center elementor-align-start elementor-mobile-align-center elementor-icon-list--layout-traditional elementor-list-item-link-full_width elementor-widget elementor-widget-icon-list\" data-id=\"030bffa\" data-element_type=\"widget\" data-e-type=\"widget\" data-widget_type=\"icon-list.default\">\n\t\t\t\t<div class=\"elementor-widget-container\">\n\t\t\t\t\t\t\t<ul class=\"elementor-icon-list-items\">\n\t\t\t\t\t\t\t<li class=\"elementor-icon-list-item\">\n\t\t\t\t\t\t\t\t\t\t\t<a href=\"mailto:jchicanot@adreducation.ca\">\n\n\t\t\t\t\t\t\t\t\t\t\t\t<span class=\"elementor-icon-list-icon\">\n\t\t\t\t\t\t\t<svg xmlns=\"http:\/\/www.w3.org\/2000\/svg\" id=\"Layer_1\" height=\"512\" viewBox=\"0 0 512 512\" width=\"512\" data-name=\"Layer 1\"><circle cx=\"256\" cy=\"256\" fill=\"#ffc107\" r=\"256\"><\/circle><path d=\"m408.343 362.786a10.171 10.171 0 0 0 10.157-10.158v-191.858l-155.283 123.31a11.594 11.594 0 0 1 -14.436 0l-155.281-123.31v191.858a10.169 10.169 0 0 0 10.157 10.158zm-12.62-213.572-139.723 110.956-139.725-110.956z\" fill=\"#fff\" fill-rule=\"evenodd\"><\/path><\/svg>\t\t\t\t\t\t<\/span>\n\t\t\t\t\t\t\t\t\t\t<span class=\"elementor-icon-list-text\">jchicanot@adreducation.ca<\/span>\n\t\t\t\t\t\t\t\t\t\t\t<\/a>\n\t\t\t\t\t\t\t\t\t<\/li>\n\t\t\t\t\t\t<\/ul>\n\t\t\t\t\t\t<\/div>\n\t\t\t\t<\/div>\n\t\t\t\t\t<\/div>\n\t\t\t\t<\/div>\n\t\t\t\t<\/div>\n\t\t<div class=\"elementor-element elementor-element-3f0328f e-con-full e-flex e-con e-child\" data-id=\"3f0328f\" data-element_type=\"container\" data-e-type=\"container\">\n\t\t\t\t<div class=\"elementor-element elementor-element-488696e elementor-widget elementor-widget-text-editor\" data-id=\"488696e\" data-element_type=\"widget\" data-e-type=\"widget\" data-widget_type=\"text-editor.default\">\n\t\t\t\t<div class=\"elementor-widget-container\">\n\t\t\t\t\t\t\t\t\t<p>Jamie poss\u00e8de un dipl\u00f4me d\u2019\u00e9tudes sup\u00e9rieures en r\u00e8glement des diff\u00e9rends. Il est un praticien accompli au sein d\u2019ADREducation depuis pr\u00e8s de 20\u00a0ans.<\/p><p>Jamie intervient \u00e0 titre de sp\u00e9cialiste en r\u00e8glement des conflits dans une multitude de contextes.\u00a0 Il se voit avant tout comme un collaborateur et c\u2019est \u00e0 ce titre qu\u2019il aime proposer ses interventions. Il assimile son r\u00f4le \u00e0 celui d\u2019un agent catalyseur, ses interventions pouvant aider \u00e0 acc\u00e9l\u00e9rer le travail des personnes qui cherchent \u00e0 r\u00e9gler des conflits. Il cherche \u00e0 susciter l\u2019int\u00e9r\u00eat des personnes ou des groupes pour des strat\u00e9gies de r\u00e8glement des conflits plus constructives et les invite \u00e0 prendre des engagements en ce sens.<\/p><p>Jamie con\u00e7oit des modules d\u2019apprentissage portant sur la r\u00e9solution des diff\u00e9rends et anime des s\u00e9ances de formation \u00e0 l\u2019\u00e9chelle du pays. Il aide, en particulier, les organisations, les collectivit\u00e9s et autres groupes au sein de la soci\u00e9t\u00e9 \u00e0 mettre en place des programmes de r\u00e8glement des conflits et des projets de renforcement des capacit\u00e9s d\u2019intervention. Il pr\u00e9sente aux participants un ensemble de processus et de strat\u00e9gies qui peuvent \u00eatre utilis\u00e9es dans divers contextes.<\/p><p>Jamie int\u00e8gre un ensemble de processus dans ses interventions. Ses interventions couvrent de nombreux aspects\u00a0: m\u00e9diation et facilitation, renforcement de l\u2019esprit d\u2019\u00e9quipe, conception de syst\u00e8mes de gestion des conflits, \u00e9valuation du climat de travail, enqu\u00eates et accompagnement. Il fournit \u00e9galement des services d\u2019analyse et de conception de syst\u00e8mes de gestion des conflits \u00e0 de nombreux clients, syst\u00e8mes pouvant \u00eatre adapt\u00e9s \u00e0 des contextes personnels ou professionnels.<\/p>\t\t\t\t\t\t\t\t<\/div>\n\t\t\t\t<\/div>\n\t\t\t\t<\/div>\n\t\t\t\t\t<\/div>\n\t\t\t\t<\/div>\n\t\t<div class=\"elementor-element elementor-element-56fb733 e-flex e-con-boxed e-con e-parent\" data-id=\"56fb733\" data-element_type=\"container\" data-e-type=\"container\" data-settings=\"{&quot;background_background&quot;:&quot;classic&quot;}\">\n\t\t\t\t\t<div class=\"e-con-inner\">\n\t\t\t\t<div class=\"elementor-element elementor-element-eae9a6d elementor-widget elementor-widget-heading\" data-id=\"eae9a6d\" data-element_type=\"widget\" data-e-type=\"widget\" data-widget_type=\"heading.default\">\n\t\t\t\t<div class=\"elementor-widget-container\">\n\t\t\t\t\t<h2 class=\"elementor-heading-title elementor-size-default\">Laissez-nous vous aider<\/h2>\t\t\t\t<\/div>\n\t\t\t\t<\/div>\n\t\t\t\t<div class=\"elementor-element elementor-element-10e45b5 elementor-widget elementor-widget-text-editor\" data-id=\"10e45b5\" data-element_type=\"widget\" data-e-type=\"widget\" data-widget_type=\"text-editor.default\">\n\t\t\t\t<div class=\"elementor-widget-container\">\n\t\t\t\t\t\t\t\t\tVous pouvez compter sur ADR \u00c9ducation pour d\u00e9samorcer un conflit qui pointe \u00e0 l\u2019horizon ou pour am\u00e9liorer vos habilet\u00e9s en r\u00e9solution de probl\u00e8mes. Communiquez avec nous pour en savoir plus sur nos programmes de formation en gestion des conflits et r\u00e9solution des diff\u00e9rends.\t\t\t\t\t\t\t\t<\/div>\n\t\t\t\t<\/div>\n\t\t\t\t<div class=\"elementor-element elementor-element-4d1c676 elementor-align-center elementor-widget elementor-widget-button\" data-id=\"4d1c676\" data-element_type=\"widget\" data-e-type=\"widget\" data-widget_type=\"button.default\">\n\t\t\t\t<div class=\"elementor-widget-container\">\n\t\t\t\t\t\t\t\t\t<div class=\"elementor-button-wrapper\">\n\t\t\t\t\t<a class=\"elementor-button elementor-button-link elementor-size-sm\" href=\"https:\/\/www.adreducation.ca\/fr\/nous-joindre\/\">\n\t\t\t\t\t\t<span class=\"elementor-button-content-wrapper\">\n\t\t\t\t\t\t\t\t\t<span class=\"elementor-button-text\">Contactez-nous<\/span>\n\t\t\t\t\t<\/span>\n\t\t\t\t\t<\/a>\n\t\t\t\t<\/div>\n\t\t\t\t\t\t\t\t<\/div>\n\t\t\t\t<\/div>\n\t\t\t\t\t<\/div>\n\t\t\t\t<\/div>\n\t\t\t\t<\/div>\n\t\t","protected":false},"excerpt":{"rendered":"<p>Mieux conna\u00eetre ADR Education Jamie Chicanot collaborateur et ex associ\u00e9 jchicanot@adreducation.ca Jamie poss\u00e8de un dipl\u00f4me d\u2019\u00e9tudes sup\u00e9rieures en r\u00e8glement des diff\u00e9rends. Il est un praticien accompli au sein d\u2019ADREducation depuis pr\u00e8s de 20\u00a0ans. Jamie intervient \u00e0 titre de sp\u00e9cialiste en r\u00e8glement des conflits dans une multitude de contextes.\u00a0 Il se voit avant tout comme un [&hellip;]<\/p>\n","protected":false},"author":1,"featured_media":0,"parent":2687,"menu_order":0,"comment_status":"closed","ping_status":"closed","template":"","meta":{"footnotes":""},"class_list":["post-2716","page","type-page","status-publish","hentry"],"yoast_head":"<!-- This site is optimized with the Yoast SEO plugin v27.2 - https:\/\/yoast.com\/product\/yoast-seo-wordpress\/ -->\n<title>Jamie Chicanot - ADR Education<\/title>\n<meta name=\"description\" content=\"Fort de ses vingt ans d\u2019exp\u00e9rience, Jamie peut intervenir dans une multitude de contextes\u00a0: m\u00e9diation et facilitation, renforcement de l\u2019esprit d\u2019\u00e9quipe, conception de syst\u00e8mes de gestion des conflits, enqu\u00eates et accompagnement.\" \/>\n<meta name=\"robots\" content=\"index, follow, max-snippet:-1, max-image-preview:large, max-video-preview:-1\" \/>\n<link rel=\"canonical\" href=\"https:\/\/www.adreducation.ca\/fr\/notre-equipe\/jamie-chicanot\/\" \/>\n<script type=\"application\/ld+json\" class=\"yoast-schema-graph\">{\"@context\":\"https:\/\/schema.org\",\"@graph\":[{\"@type\":\"WebPage\",\"@id\":\"https:\/\/www.adreducation.ca\/fr\/notre-equipe\/jamie-chicanot\/\",\"url\":\"https:\/\/www.adreducation.ca\/fr\/notre-equipe\/jamie-chicanot\/\",\"name\":\"Jamie Chicanot - ADR Education\",\"isPartOf\":{\"@id\":\"https:\/\/www.adreducation.ca\/#website\"},\"primaryImageOfPage\":{\"@id\":\"https:\/\/www.adreducation.ca\/fr\/notre-equipe\/jamie-chicanot\/#primaryimage\"},\"image\":{\"@id\":\"https:\/\/www.adreducation.ca\/fr\/notre-equipe\/jamie-chicanot\/#primaryimage\"},\"thumbnailUrl\":\"https:\/\/www.adreducation.ca\/wp-content\/uploads\/2024\/02\/jamie-pp-1.jpg\",\"datePublished\":\"2023-11-27T21:33:24+00:00\",\"dateModified\":\"2024-03-11T19:32:38+00:00\",\"description\":\"Fort de ses vingt ans d\u2019exp\u00e9rience, Jamie peut intervenir dans une multitude de contextes\u00a0: m\u00e9diation et facilitation, renforcement de l\u2019esprit d\u2019\u00e9quipe, conception de syst\u00e8mes de gestion des conflits, enqu\u00eates et accompagnement.\",\"breadcrumb\":{\"@id\":\"https:\/\/www.adreducation.ca\/fr\/notre-equipe\/jamie-chicanot\/#breadcrumb\"},\"inLanguage\":\"fr-FR\",\"potentialAction\":[{\"@type\":\"ReadAction\",\"target\":[\"https:\/\/www.adreducation.ca\/fr\/notre-equipe\/jamie-chicanot\/\"]}]},{\"@type\":\"ImageObject\",\"inLanguage\":\"fr-FR\",\"@id\":\"https:\/\/www.adreducation.ca\/fr\/notre-equipe\/jamie-chicanot\/#primaryimage\",\"url\":\"https:\/\/www.adreducation.ca\/wp-content\/uploads\/2024\/02\/jamie-pp-1.jpg\",\"contentUrl\":\"https:\/\/www.adreducation.ca\/wp-content\/uploads\/2024\/02\/jamie-pp-1.jpg\"},{\"@type\":\"BreadcrumbList\",\"@id\":\"https:\/\/www.adreducation.ca\/fr\/notre-equipe\/jamie-chicanot\/#breadcrumb\",\"itemListElement\":[{\"@type\":\"ListItem\",\"position\":1,\"name\":\"Home\",\"item\":\"https:\/\/www.adreducation.ca\/fr\/\"},{\"@type\":\"ListItem\",\"position\":2,\"name\":\"Notre \u00c9quipe\",\"item\":\"https:\/\/www.adreducation.ca\/fr\/notre-equipe\/\"},{\"@type\":\"ListItem\",\"position\":3,\"name\":\"Jamie Chicanot\"}]},{\"@type\":\"WebSite\",\"@id\":\"https:\/\/www.adreducation.ca\/#website\",\"url\":\"https:\/\/www.adreducation.ca\/\",\"name\":\"ADR Education\",\"description\":\"Turning conflicts and disputes into opportunities for growth.\",\"publisher\":{\"@id\":\"https:\/\/www.adreducation.ca\/#organization\"},\"potentialAction\":[{\"@type\":\"SearchAction\",\"target\":{\"@type\":\"EntryPoint\",\"urlTemplate\":\"https:\/\/www.adreducation.ca\/?s={search_term_string}\"},\"query-input\":{\"@type\":\"PropertyValueSpecification\",\"valueRequired\":true,\"valueName\":\"search_term_string\"}}],\"inLanguage\":\"fr-FR\"},{\"@type\":\"Organization\",\"@id\":\"https:\/\/www.adreducation.ca\/#organization\",\"name\":\"ADR Education\",\"url\":\"https:\/\/www.adreducation.ca\/\",\"logo\":{\"@type\":\"ImageObject\",\"inLanguage\":\"fr-FR\",\"@id\":\"https:\/\/www.adreducation.ca\/#\/schema\/logo\/image\/\",\"url\":\"https:\/\/www.adreducation.ca\/wp-content\/uploads\/2023\/08\/ADR_logo-01.svg\",\"contentUrl\":\"https:\/\/www.adreducation.ca\/wp-content\/uploads\/2023\/08\/ADR_logo-01.svg\",\"caption\":\"ADR Education\"},\"image\":{\"@id\":\"https:\/\/www.adreducation.ca\/#\/schema\/logo\/image\/\"}}]}<\/script>\n<!-- \/ Yoast SEO plugin. -->","yoast_head_json":{"title":"Jamie Chicanot - ADR Education","description":"Fort de ses vingt ans d\u2019exp\u00e9rience, Jamie peut intervenir dans une multitude de contextes\u00a0: m\u00e9diation et facilitation, renforcement de l\u2019esprit d\u2019\u00e9quipe, conception de syst\u00e8mes de gestion des conflits, enqu\u00eates et accompagnement.","robots":{"index":"index","follow":"follow","max-snippet":"max-snippet:-1","max-image-preview":"max-image-preview:large","max-video-preview":"max-video-preview:-1"},"canonical":"https:\/\/www.adreducation.ca\/fr\/notre-equipe\/jamie-chicanot\/","schema":{"@context":"https:\/\/schema.org","@graph":[{"@type":"WebPage","@id":"https:\/\/www.adreducation.ca\/fr\/notre-equipe\/jamie-chicanot\/","url":"https:\/\/www.adreducation.ca\/fr\/notre-equipe\/jamie-chicanot\/","name":"Jamie Chicanot - ADR Education","isPartOf":{"@id":"https:\/\/www.adreducation.ca\/#website"},"primaryImageOfPage":{"@id":"https:\/\/www.adreducation.ca\/fr\/notre-equipe\/jamie-chicanot\/#primaryimage"},"image":{"@id":"https:\/\/www.adreducation.ca\/fr\/notre-equipe\/jamie-chicanot\/#primaryimage"},"thumbnailUrl":"https:\/\/www.adreducation.ca\/wp-content\/uploads\/2024\/02\/jamie-pp-1.jpg","datePublished":"2023-11-27T21:33:24+00:00","dateModified":"2024-03-11T19:32:38+00:00","description":"Fort de ses vingt ans d\u2019exp\u00e9rience, Jamie peut intervenir dans une multitude de contextes\u00a0: m\u00e9diation et facilitation, renforcement de l\u2019esprit d\u2019\u00e9quipe, conception de syst\u00e8mes de gestion des conflits, enqu\u00eates et accompagnement.","breadcrumb":{"@id":"https:\/\/www.adreducation.ca\/fr\/notre-equipe\/jamie-chicanot\/#breadcrumb"},"inLanguage":"fr-FR","potentialAction":[{"@type":"ReadAction","target":["https:\/\/www.adreducation.ca\/fr\/notre-equipe\/jamie-chicanot\/"]}]},{"@type":"ImageObject","inLanguage":"fr-FR","@id":"https:\/\/www.adreducation.ca\/fr\/notre-equipe\/jamie-chicanot\/#primaryimage","url":"https:\/\/www.adreducation.ca\/wp-content\/uploads\/2024\/02\/jamie-pp-1.jpg","contentUrl":"https:\/\/www.adreducation.ca\/wp-content\/uploads\/2024\/02\/jamie-pp-1.jpg"},{"@type":"BreadcrumbList","@id":"https:\/\/www.adreducation.ca\/fr\/notre-equipe\/jamie-chicanot\/#breadcrumb","itemListElement":[{"@type":"ListItem","position":1,"name":"Home","item":"https:\/\/www.adreducation.ca\/fr\/"},{"@type":"ListItem","position":2,"name":"Notre \u00c9quipe","item":"https:\/\/www.adreducation.ca\/fr\/notre-equipe\/"},{"@type":"ListItem","position":3,"name":"Jamie Chicanot"}]},{"@type":"WebSite","@id":"https:\/\/www.adreducation.ca\/#website","url":"https:\/\/www.adreducation.ca\/","name":"ADR Education","description":"Turning conflicts and disputes into opportunities for growth.","publisher":{"@id":"https:\/\/www.adreducation.ca\/#organization"},"potentialAction":[{"@type":"SearchAction","target":{"@type":"EntryPoint","urlTemplate":"https:\/\/www.adreducation.ca\/?s={search_term_string}"},"query-input":{"@type":"PropertyValueSpecification","valueRequired":true,"valueName":"search_term_string"}}],"inLanguage":"fr-FR"},{"@type":"Organization","@id":"https:\/\/www.adreducation.ca\/#organization","name":"ADR Education","url":"https:\/\/www.adreducation.ca\/","logo":{"@type":"ImageObject","inLanguage":"fr-FR","@id":"https:\/\/www.adreducation.ca\/#\/schema\/logo\/image\/","url":"https:\/\/www.adreducation.ca\/wp-content\/uploads\/2023\/08\/ADR_logo-01.svg","contentUrl":"https:\/\/www.adreducation.ca\/wp-content\/uploads\/2023\/08\/ADR_logo-01.svg","caption":"ADR Education"},"image":{"@id":"https:\/\/www.adreducation.ca\/#\/schema\/logo\/image\/"}}]}},"_links":{"self":[{"href":"https:\/\/www.adreducation.ca\/fr\/wp-json\/wp\/v2\/pages\/2716","targetHints":{"allow":["GET"]}}],"collection":[{"href":"https:\/\/www.adreducation.ca\/fr\/wp-json\/wp\/v2\/pages"}],"about":[{"href":"https:\/\/www.adreducation.ca\/fr\/wp-json\/wp\/v2\/types\/page"}],"author":[{"embeddable":true,"href":"https:\/\/www.adreducation.ca\/fr\/wp-json\/wp\/v2\/users\/1"}],"replies":[{"embeddable":true,"href":"https:\/\/www.adreducation.ca\/fr\/wp-json\/wp\/v2\/comments?post=2716"}],"version-history":[{"count":24,"href":"https:\/\/www.adreducation.ca\/fr\/wp-json\/wp\/v2\/pages\/2716\/revisions"}],"predecessor-version":[{"id":4371,"href":"https:\/\/www.adreducation.ca\/fr\/wp-json\/wp\/v2\/pages\/2716\/revisions\/4371"}],"up":[{"embeddable":true,"href":"https:\/\/www.adreducation.ca\/fr\/wp-json\/wp\/v2\/pages\/2687"}],"wp:attachment":[{"href":"https:\/\/www.adreducation.ca\/fr\/wp-json\/wp\/v2\/media?parent=2716"}],"curies":[{"name":"wp","href":"https:\/\/api.w.org\/{rel}","templated":true}]}}