{"id":2710,"date":"2023-11-27T13:38:46","date_gmt":"2023-11-27T21:38:46","guid":{"rendered":"https:\/\/www.adreducation.ca\/qui-sommes-nous\/cherolyn-knapp\/"},"modified":"2024-03-11T12:31:54","modified_gmt":"2024-03-11T19:31:54","slug":"cherolyn-knapp","status":"publish","type":"page","link":"https:\/\/www.adreducation.ca\/fr\/notre-equipe\/cherolyn-knapp\/","title":{"rendered":"Cherolyn Knapp"},"content":{"rendered":"\t\t<div data-elementor-type=\"wp-page\" data-elementor-id=\"2710\" class=\"elementor elementor-2710 elementor-1283\" data-elementor-post-type=\"page\">\n\t\t\t\t<div class=\"elementor-element elementor-element-6e0b452 e-flex e-con-boxed e-con e-parent\" data-id=\"6e0b452\" data-element_type=\"container\" data-e-type=\"container\" data-settings=\"{&quot;background_background&quot;:&quot;classic&quot;}\">\n\t\t\t\t\t<div class=\"e-con-inner\">\n\t\t<div class=\"elementor-element elementor-element-50eb823 e-flex e-con-boxed e-con e-child\" data-id=\"50eb823\" data-element_type=\"container\" data-e-type=\"container\">\n\t\t\t\t\t<div class=\"e-con-inner\">\n\t\t\t\t<div class=\"elementor-element elementor-element-0bab246 elementor-widget elementor-widget-heading\" data-id=\"0bab246\" data-element_type=\"widget\" data-e-type=\"widget\" data-widget_type=\"heading.default\">\n\t\t\t\t<div class=\"elementor-widget-container\">\n\t\t\t\t\t<h2 class=\"elementor-heading-title elementor-size-default\">Mieux conna\u00eetre ADR Education<\/h2>\t\t\t\t<\/div>\n\t\t\t\t<\/div>\n\t\t\t\t\t<\/div>\n\t\t\t\t<\/div>\n\t\t\t\t\t<\/div>\n\t\t\t\t<\/div>\n\t\t<div class=\"elementor-element elementor-element-aa12217 e-flex e-con-boxed e-con e-parent\" data-id=\"aa12217\" data-element_type=\"container\" data-e-type=\"container\">\n\t\t\t\t\t<div class=\"e-con-inner\">\n\t\t<div class=\"elementor-element elementor-element-a7d386f e-con-full e-flex e-con e-child\" data-id=\"a7d386f\" data-element_type=\"container\" data-e-type=\"container\">\n\t\t\t\t<div class=\"elementor-element elementor-element-b6f1bf7 elementor-widget elementor-widget-image\" data-id=\"b6f1bf7\" data-element_type=\"widget\" data-e-type=\"widget\" data-widget_type=\"image.default\">\n\t\t\t\t<div class=\"elementor-widget-container\">\n\t\t\t\t\t\t\t\t\t\t\t\t\t\t\t<img fetchpriority=\"high\" decoding=\"async\" width=\"800\" height=\"800\" src=\"https:\/\/www.adreducation.ca\/wp-content\/uploads\/2024\/02\/Cherolyn-profile-pic-1.jpg\" class=\"attachment-large size-large wp-image-3866\" alt=\"Cherolyn headshot\" srcset=\"https:\/\/www.adreducation.ca\/wp-content\/uploads\/2024\/02\/Cherolyn-profile-pic-1.jpg 1000w, https:\/\/www.adreducation.ca\/wp-content\/uploads\/2024\/02\/Cherolyn-profile-pic-1-300x300.jpg 300w, https:\/\/www.adreducation.ca\/wp-content\/uploads\/2024\/02\/Cherolyn-profile-pic-1-100x100.jpg 100w, https:\/\/www.adreducation.ca\/wp-content\/uploads\/2024\/02\/Cherolyn-profile-pic-1-600x600.jpg 600w, https:\/\/www.adreducation.ca\/wp-content\/uploads\/2024\/02\/Cherolyn-profile-pic-1-150x150.jpg 150w, https:\/\/www.adreducation.ca\/wp-content\/uploads\/2024\/02\/Cherolyn-profile-pic-1-768x768.jpg 768w\" sizes=\"(max-width: 800px) 100vw, 800px\" \/>\t\t\t\t\t\t\t\t\t\t\t\t\t\t\t<\/div>\n\t\t\t\t<\/div>\n\t\t<div class=\"elementor-element elementor-element-94d5f50 e-flex e-con-boxed e-con e-child\" data-id=\"94d5f50\" data-element_type=\"container\" data-e-type=\"container\">\n\t\t\t\t\t<div class=\"e-con-inner\">\n\t\t\t\t<div class=\"elementor-element elementor-element-85026d4 elementor-widget elementor-widget-heading\" data-id=\"85026d4\" data-element_type=\"widget\" data-e-type=\"widget\" data-widget_type=\"heading.default\">\n\t\t\t\t<div class=\"elementor-widget-container\">\n\t\t\t\t\t<h2 class=\"elementor-heading-title elementor-size-default\">Cherolyn Knapp<\/h2>\t\t\t\t<\/div>\n\t\t\t\t<\/div>\n\t\t\t\t<div class=\"elementor-element elementor-element-7c5b8cd elementor-widget elementor-widget-text-editor\" data-id=\"7c5b8cd\" data-element_type=\"widget\" data-e-type=\"widget\" data-widget_type=\"text-editor.default\">\n\t\t\t\t<div class=\"elementor-widget-container\">\n\t\t\t\t\t\t\t\t\t<p>collaboratrice<\/p>\t\t\t\t\t\t\t\t<\/div>\n\t\t\t\t<\/div>\n\t\t\t\t<div class=\"elementor-element elementor-element-5e5e8f4 elementor-tablet-align-center elementor-align-start elementor-mobile-align-center elementor-icon-list--layout-traditional elementor-list-item-link-full_width elementor-widget elementor-widget-icon-list\" data-id=\"5e5e8f4\" data-element_type=\"widget\" data-e-type=\"widget\" data-widget_type=\"icon-list.default\">\n\t\t\t\t<div class=\"elementor-widget-container\">\n\t\t\t\t\t\t\t<ul class=\"elementor-icon-list-items\">\n\t\t\t\t\t\t\t<li class=\"elementor-icon-list-item\">\n\t\t\t\t\t\t\t\t\t\t\t<a href=\"mailto:cherolyn@knappresolutions.com\">\n\n\t\t\t\t\t\t\t\t\t\t\t\t<span class=\"elementor-icon-list-icon\">\n\t\t\t\t\t\t\t<svg xmlns=\"http:\/\/www.w3.org\/2000\/svg\" id=\"Layer_1\" height=\"512\" viewBox=\"0 0 512 512\" width=\"512\" data-name=\"Layer 1\"><circle cx=\"256\" cy=\"256\" fill=\"#ffc107\" r=\"256\"><\/circle><path d=\"m408.343 362.786a10.171 10.171 0 0 0 10.157-10.158v-191.858l-155.283 123.31a11.594 11.594 0 0 1 -14.436 0l-155.281-123.31v191.858a10.169 10.169 0 0 0 10.157 10.158zm-12.62-213.572-139.723 110.956-139.725-110.956z\" fill=\"#fff\" fill-rule=\"evenodd\"><\/path><\/svg>\t\t\t\t\t\t<\/span>\n\t\t\t\t\t\t\t\t\t\t<span class=\"elementor-icon-list-text\">cherolyn@knappresolutions.com<\/span>\n\t\t\t\t\t\t\t\t\t\t\t<\/a>\n\t\t\t\t\t\t\t\t\t<\/li>\n\t\t\t\t\t\t<\/ul>\n\t\t\t\t\t\t<\/div>\n\t\t\t\t<\/div>\n\t\t\t\t\t<\/div>\n\t\t\t\t<\/div>\n\t\t\t\t<\/div>\n\t\t<div class=\"elementor-element elementor-element-89a6ed5 e-con-full e-flex e-con e-child\" data-id=\"89a6ed5\" data-element_type=\"container\" data-e-type=\"container\">\n\t\t\t\t<div class=\"elementor-element elementor-element-da68c81 elementor-widget elementor-widget-text-editor\" data-id=\"da68c81\" data-element_type=\"widget\" data-e-type=\"widget\" data-widget_type=\"text-editor.default\">\n\t\t\t\t<div class=\"elementor-widget-container\">\n\t\t\t\t\t\t\t\t\t<p>La pratique de Cherolyn Knapp comprend la m\u00e9diation, la facilitation, la n\u00e9gociation, les \u00e9valuations en milieu de travail, la formation et les enqu\u00eates. Ancienne plaideuse, Cherolyn comprend que la plupart des gens pr\u00e9f\u00e8rent que les conflits soient r\u00e9solus plut\u00f4t que de supporter les co\u00fbts financiers et \u00e9motionnels et l\u2019incertitude des litiges. Elle a beaucoup de connaissances sur la dynamique interpersonnelle et les conflits et travaille de mani\u00e8re cr\u00e9ative avec les participants pour \u00e9laborer un processus qui convient \u00e0 leurs besoins. Les comp\u00e9tences consid\u00e9rables de Cherolyn sont d\u2019assistance dans les syst\u00e8mes commerciaux, \u00e0 but non lucratif, sur le lieu de travail ou familiaux.<\/p><p>Cherolyn a grandi sur les rives de la baie Georgienne \u00e0 Owen Sound, en Ontario, et a obtenu un baccalaur\u00e9at en commerce (ressources humaines) de l\u2019Universit\u00e9 Ryerson en 1995. Avant de devenir avocate, Cherolyn a occup\u00e9 des postes de gestion des ressources humaines, \u00e0 but non lucratif et de gestion d\u2019entreprise, apr\u00e8s Cherolyn a obtenu un baccalaur\u00e9at en droit de l\u2019Universit\u00e9 d\u2019Ottawa en 2003. Elle a pratiqu\u00e9 le droit en Ontario jusqu\u2019en d\u00e9cembre 2019. Elle est inscrite au Barreau de la Colombie-Britannique en tant qu\u2019avocate non pratiquante et elle r\u00e9side \u00e0 Victoria, en Colombie-Britannique.<\/p><p>Les 15 ann\u00e9es de pratique juridique de Cherolyn ont couvert un \u00e9ventail de questions juridiques, y compris l\u2019emploi et les droits de l\u2019homme pour les employ\u00e9s et les employeurs, le commerce, les successions, les biens, la rupture de contrat, la construction et les conflits familiaux. Passionn\u00e9 de r\u00e9solution de probl\u00e8mes, Cherolyn a toujours aid\u00e9 ses clients \u00e0 r\u00e9soudre les diff\u00e9rends par la n\u00e9gociation et la m\u00e9diation lorsque cela \u00e9tait possible.Cherolyn est un orateur public dynamique et est fr\u00e9quemment invit\u00e9 \u00e0 pr\u00e9senter des sujets tels que la compr\u00e9hension des conflits, la r\u00e9solution des conflits, les femmes et la n\u00e9gociation.<\/p><p>Cherolyn est une b\u00e9n\u00e9vole active de la communaut\u00e9, notamment en tant que membre du conseil d\u2019administration de la Victoria Bar Association et b\u00e9n\u00e9vole pour l\u2019ADRBC. Elle a \u00e9t\u00e9 pr\u00e9sidente sortante de la Wellington Law Association et a rompu de nombreuses ann\u00e9es au conseil provincial et aux sous-comit\u00e9s de l\u2019Association du Barreau de l\u2019Ontario. Elle a \u00e9galement si\u00e9g\u00e9 au conseil d\u2019administration d\u2019organisations \u00e0 but non lucratif et s\u2019est port\u00e9e b\u00e9n\u00e9vole dans des r\u00f4les de mentorat aupr\u00e8s d\u2019avocats et de nouveaux Canadiens.<\/p><p>Cherolyn est membre de la Chambre de commerce du Grand Victoria et de l\u2019ADR Institute of British Columbia. Elle est accr\u00e9dit\u00e9e comme m\u00e9diatrice qualifi\u00e9e (Q.Med) par l\u2019entremise de l\u2019Institut ADR du Canada et elle est m\u00e9diatrice de la liste civile associ\u00e9e de Mediate BC. Elle est \u00e9galement membre de l\u2019Association du Barreau canadien (filiale de la Colombie-Britannique) et de Chartered Professionals in Human Resources of BC &amp; Yukon.<\/p>\t\t\t\t\t\t\t\t<\/div>\n\t\t\t\t<\/div>\n\t\t\t\t<\/div>\n\t\t\t\t\t<\/div>\n\t\t\t\t<\/div>\n\t\t<div class=\"elementor-element elementor-element-16a5cff e-flex e-con-boxed e-con e-parent\" data-id=\"16a5cff\" data-element_type=\"container\" data-e-type=\"container\" data-settings=\"{&quot;background_background&quot;:&quot;classic&quot;}\">\n\t\t\t\t\t<div class=\"e-con-inner\">\n\t\t\t\t<div class=\"elementor-element elementor-element-123b734 elementor-widget elementor-widget-heading\" data-id=\"123b734\" data-element_type=\"widget\" data-e-type=\"widget\" data-widget_type=\"heading.default\">\n\t\t\t\t<div class=\"elementor-widget-container\">\n\t\t\t\t\t<h2 class=\"elementor-heading-title elementor-size-default\">Laissez-nous vous aider<\/h2>\t\t\t\t<\/div>\n\t\t\t\t<\/div>\n\t\t\t\t<div class=\"elementor-element elementor-element-d1c04da elementor-widget elementor-widget-text-editor\" data-id=\"d1c04da\" data-element_type=\"widget\" data-e-type=\"widget\" data-widget_type=\"text-editor.default\">\n\t\t\t\t<div class=\"elementor-widget-container\">\n\t\t\t\t\t\t\t\t\tVous pouvez compter sur ADR \u00c9ducation pour d\u00e9samorcer un conflit qui pointe \u00e0 l\u2019horizon ou pour am\u00e9liorer vos habilet\u00e9s en r\u00e9solution de probl\u00e8mes. Communiquez avec nous pour en savoir plus sur nos programmes de formation en gestion des conflits et r\u00e9solution des diff\u00e9rends.\t\t\t\t\t\t\t\t<\/div>\n\t\t\t\t<\/div>\n\t\t\t\t<div class=\"elementor-element elementor-element-2df227d elementor-align-center elementor-widget elementor-widget-button\" data-id=\"2df227d\" data-element_type=\"widget\" data-e-type=\"widget\" data-widget_type=\"button.default\">\n\t\t\t\t<div class=\"elementor-widget-container\">\n\t\t\t\t\t\t\t\t\t<div class=\"elementor-button-wrapper\">\n\t\t\t\t\t<a class=\"elementor-button elementor-button-link elementor-size-sm\" href=\"https:\/\/www.adreducation.ca\/fr\/nous-joindre\/\">\n\t\t\t\t\t\t<span class=\"elementor-button-content-wrapper\">\n\t\t\t\t\t\t\t\t\t<span class=\"elementor-button-text\">Contactez-nous<\/span>\n\t\t\t\t\t<\/span>\n\t\t\t\t\t<\/a>\n\t\t\t\t<\/div>\n\t\t\t\t\t\t\t\t<\/div>\n\t\t\t\t<\/div>\n\t\t\t\t\t<\/div>\n\t\t\t\t<\/div>\n\t\t\t\t<\/div>\n\t\t","protected":false},"excerpt":{"rendered":"<p>Mieux conna\u00eetre ADR Education Cherolyn Knapp collaboratrice cherolyn@knappresolutions.com La pratique de Cherolyn Knapp comprend la m\u00e9diation, la facilitation, la n\u00e9gociation, les \u00e9valuations en milieu de travail, la formation et les enqu\u00eates. Ancienne plaideuse, Cherolyn comprend que la plupart des gens pr\u00e9f\u00e8rent que les conflits soient r\u00e9solus plut\u00f4t que de supporter les co\u00fbts financiers et \u00e9motionnels [&hellip;]<\/p>\n","protected":false},"author":1,"featured_media":0,"parent":2687,"menu_order":0,"comment_status":"closed","ping_status":"closed","template":"","meta":{"footnotes":""},"class_list":["post-2710","page","type-page","status-publish","hentry"],"yoast_head":"<!-- This site is optimized with the Yoast SEO plugin v27.2 - https:\/\/yoast.com\/product\/yoast-seo-wordpress\/ -->\n<title>Cherolyn Knapp - ADR Education<\/title>\n<meta name=\"description\" content=\"Cherolyn Knapp est une ancienne plaideuse. Sa pratique comprend la m\u00e9diation, la facilitation, la n\u00e9gociation, les \u00e9valuations en milieu de travail, la formation et les enqu\u00eates.\" \/>\n<meta name=\"robots\" content=\"index, follow, max-snippet:-1, max-image-preview:large, max-video-preview:-1\" \/>\n<link rel=\"canonical\" href=\"https:\/\/www.adreducation.ca\/fr\/notre-equipe\/cherolyn-knapp\/\" \/>\n<script type=\"application\/ld+json\" class=\"yoast-schema-graph\">{\"@context\":\"https:\/\/schema.org\",\"@graph\":[{\"@type\":\"WebPage\",\"@id\":\"https:\/\/www.adreducation.ca\/fr\/notre-equipe\/cherolyn-knapp\/\",\"url\":\"https:\/\/www.adreducation.ca\/fr\/notre-equipe\/cherolyn-knapp\/\",\"name\":\"Cherolyn Knapp - ADR Education\",\"isPartOf\":{\"@id\":\"https:\/\/www.adreducation.ca\/#website\"},\"primaryImageOfPage\":{\"@id\":\"https:\/\/www.adreducation.ca\/fr\/notre-equipe\/cherolyn-knapp\/#primaryimage\"},\"image\":{\"@id\":\"https:\/\/www.adreducation.ca\/fr\/notre-equipe\/cherolyn-knapp\/#primaryimage\"},\"thumbnailUrl\":\"https:\/\/www.adreducation.ca\/wp-content\/uploads\/2024\/02\/Cherolyn-profile-pic-1.jpg\",\"datePublished\":\"2023-11-27T21:38:46+00:00\",\"dateModified\":\"2024-03-11T19:31:54+00:00\",\"description\":\"Cherolyn Knapp est une ancienne plaideuse. Sa pratique comprend la m\u00e9diation, la facilitation, la n\u00e9gociation, les \u00e9valuations en milieu de travail, la formation et les enqu\u00eates.\",\"breadcrumb\":{\"@id\":\"https:\/\/www.adreducation.ca\/fr\/notre-equipe\/cherolyn-knapp\/#breadcrumb\"},\"inLanguage\":\"fr-FR\",\"potentialAction\":[{\"@type\":\"ReadAction\",\"target\":[\"https:\/\/www.adreducation.ca\/fr\/notre-equipe\/cherolyn-knapp\/\"]}]},{\"@type\":\"ImageObject\",\"inLanguage\":\"fr-FR\",\"@id\":\"https:\/\/www.adreducation.ca\/fr\/notre-equipe\/cherolyn-knapp\/#primaryimage\",\"url\":\"https:\/\/www.adreducation.ca\/wp-content\/uploads\/2024\/02\/Cherolyn-profile-pic-1.jpg\",\"contentUrl\":\"https:\/\/www.adreducation.ca\/wp-content\/uploads\/2024\/02\/Cherolyn-profile-pic-1.jpg\"},{\"@type\":\"BreadcrumbList\",\"@id\":\"https:\/\/www.adreducation.ca\/fr\/notre-equipe\/cherolyn-knapp\/#breadcrumb\",\"itemListElement\":[{\"@type\":\"ListItem\",\"position\":1,\"name\":\"Home\",\"item\":\"https:\/\/www.adreducation.ca\/fr\/\"},{\"@type\":\"ListItem\",\"position\":2,\"name\":\"Notre \u00c9quipe\",\"item\":\"https:\/\/www.adreducation.ca\/fr\/notre-equipe\/\"},{\"@type\":\"ListItem\",\"position\":3,\"name\":\"Cherolyn Knapp\"}]},{\"@type\":\"WebSite\",\"@id\":\"https:\/\/www.adreducation.ca\/#website\",\"url\":\"https:\/\/www.adreducation.ca\/\",\"name\":\"ADR Education\",\"description\":\"Turning conflicts and disputes into opportunities for growth.\",\"publisher\":{\"@id\":\"https:\/\/www.adreducation.ca\/#organization\"},\"potentialAction\":[{\"@type\":\"SearchAction\",\"target\":{\"@type\":\"EntryPoint\",\"urlTemplate\":\"https:\/\/www.adreducation.ca\/?s={search_term_string}\"},\"query-input\":{\"@type\":\"PropertyValueSpecification\",\"valueRequired\":true,\"valueName\":\"search_term_string\"}}],\"inLanguage\":\"fr-FR\"},{\"@type\":\"Organization\",\"@id\":\"https:\/\/www.adreducation.ca\/#organization\",\"name\":\"ADR Education\",\"url\":\"https:\/\/www.adreducation.ca\/\",\"logo\":{\"@type\":\"ImageObject\",\"inLanguage\":\"fr-FR\",\"@id\":\"https:\/\/www.adreducation.ca\/#\/schema\/logo\/image\/\",\"url\":\"https:\/\/www.adreducation.ca\/wp-content\/uploads\/2023\/08\/ADR_logo-01.svg\",\"contentUrl\":\"https:\/\/www.adreducation.ca\/wp-content\/uploads\/2023\/08\/ADR_logo-01.svg\",\"caption\":\"ADR Education\"},\"image\":{\"@id\":\"https:\/\/www.adreducation.ca\/#\/schema\/logo\/image\/\"}}]}<\/script>\n<!-- \/ Yoast SEO plugin. -->","yoast_head_json":{"title":"Cherolyn Knapp - ADR Education","description":"Cherolyn Knapp est une ancienne plaideuse. Sa pratique comprend la m\u00e9diation, la facilitation, la n\u00e9gociation, les \u00e9valuations en milieu de travail, la formation et les enqu\u00eates.","robots":{"index":"index","follow":"follow","max-snippet":"max-snippet:-1","max-image-preview":"max-image-preview:large","max-video-preview":"max-video-preview:-1"},"canonical":"https:\/\/www.adreducation.ca\/fr\/notre-equipe\/cherolyn-knapp\/","schema":{"@context":"https:\/\/schema.org","@graph":[{"@type":"WebPage","@id":"https:\/\/www.adreducation.ca\/fr\/notre-equipe\/cherolyn-knapp\/","url":"https:\/\/www.adreducation.ca\/fr\/notre-equipe\/cherolyn-knapp\/","name":"Cherolyn Knapp - ADR Education","isPartOf":{"@id":"https:\/\/www.adreducation.ca\/#website"},"primaryImageOfPage":{"@id":"https:\/\/www.adreducation.ca\/fr\/notre-equipe\/cherolyn-knapp\/#primaryimage"},"image":{"@id":"https:\/\/www.adreducation.ca\/fr\/notre-equipe\/cherolyn-knapp\/#primaryimage"},"thumbnailUrl":"https:\/\/www.adreducation.ca\/wp-content\/uploads\/2024\/02\/Cherolyn-profile-pic-1.jpg","datePublished":"2023-11-27T21:38:46+00:00","dateModified":"2024-03-11T19:31:54+00:00","description":"Cherolyn Knapp est une ancienne plaideuse. Sa pratique comprend la m\u00e9diation, la facilitation, la n\u00e9gociation, les \u00e9valuations en milieu de travail, la formation et les enqu\u00eates.","breadcrumb":{"@id":"https:\/\/www.adreducation.ca\/fr\/notre-equipe\/cherolyn-knapp\/#breadcrumb"},"inLanguage":"fr-FR","potentialAction":[{"@type":"ReadAction","target":["https:\/\/www.adreducation.ca\/fr\/notre-equipe\/cherolyn-knapp\/"]}]},{"@type":"ImageObject","inLanguage":"fr-FR","@id":"https:\/\/www.adreducation.ca\/fr\/notre-equipe\/cherolyn-knapp\/#primaryimage","url":"https:\/\/www.adreducation.ca\/wp-content\/uploads\/2024\/02\/Cherolyn-profile-pic-1.jpg","contentUrl":"https:\/\/www.adreducation.ca\/wp-content\/uploads\/2024\/02\/Cherolyn-profile-pic-1.jpg"},{"@type":"BreadcrumbList","@id":"https:\/\/www.adreducation.ca\/fr\/notre-equipe\/cherolyn-knapp\/#breadcrumb","itemListElement":[{"@type":"ListItem","position":1,"name":"Home","item":"https:\/\/www.adreducation.ca\/fr\/"},{"@type":"ListItem","position":2,"name":"Notre \u00c9quipe","item":"https:\/\/www.adreducation.ca\/fr\/notre-equipe\/"},{"@type":"ListItem","position":3,"name":"Cherolyn Knapp"}]},{"@type":"WebSite","@id":"https:\/\/www.adreducation.ca\/#website","url":"https:\/\/www.adreducation.ca\/","name":"ADR Education","description":"Turning conflicts and disputes into opportunities for growth.","publisher":{"@id":"https:\/\/www.adreducation.ca\/#organization"},"potentialAction":[{"@type":"SearchAction","target":{"@type":"EntryPoint","urlTemplate":"https:\/\/www.adreducation.ca\/?s={search_term_string}"},"query-input":{"@type":"PropertyValueSpecification","valueRequired":true,"valueName":"search_term_string"}}],"inLanguage":"fr-FR"},{"@type":"Organization","@id":"https:\/\/www.adreducation.ca\/#organization","name":"ADR Education","url":"https:\/\/www.adreducation.ca\/","logo":{"@type":"ImageObject","inLanguage":"fr-FR","@id":"https:\/\/www.adreducation.ca\/#\/schema\/logo\/image\/","url":"https:\/\/www.adreducation.ca\/wp-content\/uploads\/2023\/08\/ADR_logo-01.svg","contentUrl":"https:\/\/www.adreducation.ca\/wp-content\/uploads\/2023\/08\/ADR_logo-01.svg","caption":"ADR Education"},"image":{"@id":"https:\/\/www.adreducation.ca\/#\/schema\/logo\/image\/"}}]}},"_links":{"self":[{"href":"https:\/\/www.adreducation.ca\/fr\/wp-json\/wp\/v2\/pages\/2710","targetHints":{"allow":["GET"]}}],"collection":[{"href":"https:\/\/www.adreducation.ca\/fr\/wp-json\/wp\/v2\/pages"}],"about":[{"href":"https:\/\/www.adreducation.ca\/fr\/wp-json\/wp\/v2\/types\/page"}],"author":[{"embeddable":true,"href":"https:\/\/www.adreducation.ca\/fr\/wp-json\/wp\/v2\/users\/1"}],"replies":[{"embeddable":true,"href":"https:\/\/www.adreducation.ca\/fr\/wp-json\/wp\/v2\/comments?post=2710"}],"version-history":[{"count":21,"href":"https:\/\/www.adreducation.ca\/fr\/wp-json\/wp\/v2\/pages\/2710\/revisions"}],"predecessor-version":[{"id":4369,"href":"https:\/\/www.adreducation.ca\/fr\/wp-json\/wp\/v2\/pages\/2710\/revisions\/4369"}],"up":[{"embeddable":true,"href":"https:\/\/www.adreducation.ca\/fr\/wp-json\/wp\/v2\/pages\/2687"}],"wp:attachment":[{"href":"https:\/\/www.adreducation.ca\/fr\/wp-json\/wp\/v2\/media?parent=2710"}],"curies":[{"name":"wp","href":"https:\/\/api.w.org\/{rel}","templated":true}]}}