{"id":2701,"date":"2023-11-27T13:11:30","date_gmt":"2023-11-27T21:11:30","guid":{"rendered":"https:\/\/www.adreducation.ca\/qui-sommes-nous\/andrew-fulton\/"},"modified":"2024-03-11T12:30:13","modified_gmt":"2024-03-11T19:30:13","slug":"andrew-fulton","status":"publish","type":"page","link":"https:\/\/www.adreducation.ca\/fr\/notre-equipe\/andrew-fulton\/","title":{"rendered":"Andrew Fulton"},"content":{"rendered":"\t\t<div data-elementor-type=\"wp-page\" data-elementor-id=\"2701\" class=\"elementor elementor-2701 elementor-1199\" data-elementor-post-type=\"page\">\n\t\t\t\t<div class=\"elementor-element elementor-element-fe69b84 e-flex e-con-boxed e-con e-parent\" data-id=\"fe69b84\" data-element_type=\"container\" data-e-type=\"container\" data-settings=\"{&quot;background_background&quot;:&quot;classic&quot;}\">\n\t\t\t\t\t<div class=\"e-con-inner\">\n\t\t<div class=\"elementor-element elementor-element-5182fde e-flex e-con-boxed e-con e-child\" data-id=\"5182fde\" data-element_type=\"container\" data-e-type=\"container\">\n\t\t\t\t\t<div class=\"e-con-inner\">\n\t\t\t\t<div class=\"elementor-element elementor-element-0e1a9f4 elementor-widget elementor-widget-heading\" data-id=\"0e1a9f4\" data-element_type=\"widget\" data-e-type=\"widget\" data-widget_type=\"heading.default\">\n\t\t\t\t<div class=\"elementor-widget-container\">\n\t\t\t\t\t<h2 class=\"elementor-heading-title elementor-size-default\">Mieux conna\u00eetre ADR Education<\/h2>\t\t\t\t<\/div>\n\t\t\t\t<\/div>\n\t\t\t\t\t<\/div>\n\t\t\t\t<\/div>\n\t\t\t\t\t<\/div>\n\t\t\t\t<\/div>\n\t\t<div class=\"elementor-element elementor-element-93b69d1 e-flex e-con-boxed e-con e-parent\" data-id=\"93b69d1\" data-element_type=\"container\" data-e-type=\"container\">\n\t\t\t\t\t<div class=\"e-con-inner\">\n\t\t<div class=\"elementor-element elementor-element-44b6b8d e-con-full e-flex e-con e-child\" data-id=\"44b6b8d\" data-element_type=\"container\" data-e-type=\"container\">\n\t\t\t\t<div class=\"elementor-element elementor-element-d14afe0 elementor-widget elementor-widget-image\" data-id=\"d14afe0\" data-element_type=\"widget\" data-e-type=\"widget\" data-widget_type=\"image.default\">\n\t\t\t\t<div class=\"elementor-widget-container\">\n\t\t\t\t\t\t\t\t\t\t\t\t\t\t\t<img fetchpriority=\"high\" decoding=\"async\" width=\"800\" height=\"800\" src=\"https:\/\/www.adreducation.ca\/wp-content\/uploads\/2024\/02\/andrew-pp-1.jpg\" class=\"attachment-large size-large wp-image-3854\" alt=\"Andrew headshot\" srcset=\"https:\/\/www.adreducation.ca\/wp-content\/uploads\/2024\/02\/andrew-pp-1.jpg 1000w, https:\/\/www.adreducation.ca\/wp-content\/uploads\/2024\/02\/andrew-pp-1-300x300.jpg 300w, https:\/\/www.adreducation.ca\/wp-content\/uploads\/2024\/02\/andrew-pp-1-100x100.jpg 100w, https:\/\/www.adreducation.ca\/wp-content\/uploads\/2024\/02\/andrew-pp-1-600x600.jpg 600w, https:\/\/www.adreducation.ca\/wp-content\/uploads\/2024\/02\/andrew-pp-1-150x150.jpg 150w, https:\/\/www.adreducation.ca\/wp-content\/uploads\/2024\/02\/andrew-pp-1-768x768.jpg 768w\" sizes=\"(max-width: 800px) 100vw, 800px\" \/>\t\t\t\t\t\t\t\t\t\t\t\t\t\t\t<\/div>\n\t\t\t\t<\/div>\n\t\t<div class=\"elementor-element elementor-element-9492ba0 e-flex e-con-boxed e-con e-child\" data-id=\"9492ba0\" data-element_type=\"container\" data-e-type=\"container\">\n\t\t\t\t\t<div class=\"e-con-inner\">\n\t\t\t\t<div class=\"elementor-element elementor-element-4fd5461 elementor-widget elementor-widget-heading\" data-id=\"4fd5461\" data-element_type=\"widget\" data-e-type=\"widget\" data-widget_type=\"heading.default\">\n\t\t\t\t<div class=\"elementor-widget-container\">\n\t\t\t\t\t<h2 class=\"elementor-heading-title elementor-size-default\">Andrew Fulton<\/h2>\t\t\t\t<\/div>\n\t\t\t\t<\/div>\n\t\t\t\t<div class=\"elementor-element elementor-element-d12b461 elementor-widget elementor-widget-text-editor\" data-id=\"d12b461\" data-element_type=\"widget\" data-e-type=\"widget\" data-widget_type=\"text-editor.default\">\n\t\t\t\t<div class=\"elementor-widget-container\">\n\t\t\t\t\t\t\t\t\t<p>associ\u00e9<\/p>\t\t\t\t\t\t\t\t<\/div>\n\t\t\t\t<\/div>\n\t\t\t\t<div class=\"elementor-element elementor-element-9f04820 elementor-tablet-align-center elementor-align-start elementor-mobile-align-center elementor-icon-list--layout-traditional elementor-list-item-link-full_width elementor-widget elementor-widget-icon-list\" data-id=\"9f04820\" data-element_type=\"widget\" data-e-type=\"widget\" data-widget_type=\"icon-list.default\">\n\t\t\t\t<div class=\"elementor-widget-container\">\n\t\t\t\t\t\t\t<ul class=\"elementor-icon-list-items\">\n\t\t\t\t\t\t\t<li class=\"elementor-icon-list-item\">\n\t\t\t\t\t\t\t\t\t\t\t<a href=\"mailto:afulton@adreducation.ca\">\n\n\t\t\t\t\t\t\t\t\t\t\t\t<span class=\"elementor-icon-list-icon\">\n\t\t\t\t\t\t\t<svg xmlns=\"http:\/\/www.w3.org\/2000\/svg\" id=\"Layer_1\" height=\"512\" viewBox=\"0 0 512 512\" width=\"512\" data-name=\"Layer 1\"><circle cx=\"256\" cy=\"256\" fill=\"#ffc107\" r=\"256\"><\/circle><path d=\"m408.343 362.786a10.171 10.171 0 0 0 10.157-10.158v-191.858l-155.283 123.31a11.594 11.594 0 0 1 -14.436 0l-155.281-123.31v191.858a10.169 10.169 0 0 0 10.157 10.158zm-12.62-213.572-139.723 110.956-139.725-110.956z\" fill=\"#fff\" fill-rule=\"evenodd\"><\/path><\/svg>\t\t\t\t\t\t<\/span>\n\t\t\t\t\t\t\t\t\t\t<span class=\"elementor-icon-list-text\">afulton@adreducation.ca<\/span>\n\t\t\t\t\t\t\t\t\t\t\t<\/a>\n\t\t\t\t\t\t\t\t\t<\/li>\n\t\t\t\t\t\t<\/ul>\n\t\t\t\t\t\t<\/div>\n\t\t\t\t<\/div>\n\t\t\t\t\t<\/div>\n\t\t\t\t<\/div>\n\t\t\t\t<\/div>\n\t\t<div class=\"elementor-element elementor-element-6332205 e-con-full e-flex e-con e-child\" data-id=\"6332205\" data-element_type=\"container\" data-e-type=\"container\">\n\t\t\t\t<div class=\"elementor-element elementor-element-838a00f elementor-widget elementor-widget-text-editor\" data-id=\"838a00f\" data-element_type=\"widget\" data-e-type=\"widget\" data-widget_type=\"text-editor.default\">\n\t\t\t\t<div class=\"elementor-widget-container\">\n\t\t\t\t\t\t\t\t\t<p>Andrew cumule de tr\u00e8s nombreuses ann\u00e9es d\u2019exp\u00e9rience comme m\u00e9diateur. Il a effectu\u00e9 des m\u00e9diations pour divers clients (secteurs de la sant\u00e9, de l\u2019environnement et du tourisme, administrations publiques, Premi\u00e8res Nations, soci\u00e9t\u00e9s ferm\u00e9es et ouvertes). Ses services ont \u00e9t\u00e9 retenus pour r\u00e9gler des diff\u00e9rends civils et des probl\u00e8mes li\u00e9s \u00e0 l\u2019am\u00e9nagement du territoire et au climat de travail ainsi que des conflits familiaux. Il est en pleine possession de ses moyens dans de nombreux environnements et contextes, qu\u2019ils s\u2019agissent de n\u00e9gociations bilat\u00e9rales ou de diff\u00e9rends complexes opposant plusieurs personnes ou parties. Andrew poss\u00e8de le titre de m\u00e9diateur agr\u00e9\u00e9 et sa r\u00e9putation dans le domaine n\u2019est plus \u00e0 faire.<\/p><p>Formateur accompli, il anime des s\u00e9ances de formation au sein des administrations publiques et des entreprises du secteur priv\u00e9, s\u00e9ances qui exposent les principes, les processus et les comp\u00e9tences li\u00e9s \u00e0 la pr\u00e9vention et au r\u00e8glement des diff\u00e9rends. Il donne \u00e9galement des ateliers sur la communication, la participation citoyenne et la facilitation. Andrew s\u2019int\u00e9resse, par ailleurs, \u00e0 la conception, \u00e0 la coordination et \u00e0 l\u2019animation de s\u00e9ances de consultation ou d\u2019ateliers dans un contexte de planification strat\u00e9gique, de concertation, de sensibilisation et de participation citoyenne.<\/p><p>Dans ses interventions aupr\u00e8s des administrations publiques et des entreprises du secteur priv\u00e9, il fournit une gamme de services adapt\u00e9s \u00e0 l\u2019environnement de travail. Il comprend bien le contexte de travail des employ\u00e9s et des gestionnaires qui \u00e9voluent dans les milieux syndiqu\u00e9s et non syndiqu\u00e9s. Andrew est en mesure de fournir des services d\u2019\u00e9valuation du climat de travail et d\u2019enqu\u00eate, y compris les services de coaching aux cadres sup\u00e9rieurs, ainsi que des s\u00e9ances de formation cibl\u00e9es, d\u2019animation d\u2019\u00e9quipe et de m\u00e9diation dans toutes les r\u00e9gions du Canada.<\/p>\t\t\t\t\t\t\t\t<\/div>\n\t\t\t\t<\/div>\n\t\t\t\t<\/div>\n\t\t\t\t\t<\/div>\n\t\t\t\t<\/div>\n\t\t<div class=\"elementor-element elementor-element-e282f91 e-flex e-con-boxed e-con e-parent\" data-id=\"e282f91\" data-element_type=\"container\" data-e-type=\"container\" data-settings=\"{&quot;background_background&quot;:&quot;classic&quot;}\">\n\t\t\t\t\t<div class=\"e-con-inner\">\n\t\t\t\t<div class=\"elementor-element elementor-element-dfc8e27 elementor-widget elementor-widget-heading\" data-id=\"dfc8e27\" data-element_type=\"widget\" data-e-type=\"widget\" data-widget_type=\"heading.default\">\n\t\t\t\t<div class=\"elementor-widget-container\">\n\t\t\t\t\t<h2 class=\"elementor-heading-title elementor-size-default\">Laissez-nous vous aider<\/h2>\t\t\t\t<\/div>\n\t\t\t\t<\/div>\n\t\t\t\t<div class=\"elementor-element elementor-element-f33db39 elementor-widget elementor-widget-text-editor\" data-id=\"f33db39\" data-element_type=\"widget\" data-e-type=\"widget\" data-widget_type=\"text-editor.default\">\n\t\t\t\t<div class=\"elementor-widget-container\">\n\t\t\t\t\t\t\t\t\t<p>Vous pouvez compter sur ADR \u00c9ducation pour d\u00e9samorcer un conflit qui pointe \u00e0 l\u2019horizon ou pour am\u00e9liorer vos habilet\u00e9s en r\u00e9solution de probl\u00e8mes. Communiquez avec nous pour en savoir plus sur nos programmes de formation en gestion des conflits et r\u00e9solution des diff\u00e9rends.<\/p>\t\t\t\t\t\t\t\t<\/div>\n\t\t\t\t<\/div>\n\t\t\t\t<div class=\"elementor-element elementor-element-ec756f8 elementor-align-center elementor-widget elementor-widget-button\" data-id=\"ec756f8\" data-element_type=\"widget\" data-e-type=\"widget\" data-widget_type=\"button.default\">\n\t\t\t\t<div class=\"elementor-widget-container\">\n\t\t\t\t\t\t\t\t\t<div class=\"elementor-button-wrapper\">\n\t\t\t\t\t<a class=\"elementor-button elementor-button-link elementor-size-sm\" href=\"https:\/\/www.adreducation.ca\/fr\/nous-joindre\/\">\n\t\t\t\t\t\t<span class=\"elementor-button-content-wrapper\">\n\t\t\t\t\t\t\t\t\t<span class=\"elementor-button-text\">Contactez-nous<\/span>\n\t\t\t\t\t<\/span>\n\t\t\t\t\t<\/a>\n\t\t\t\t<\/div>\n\t\t\t\t\t\t\t\t<\/div>\n\t\t\t\t<\/div>\n\t\t\t\t\t<\/div>\n\t\t\t\t<\/div>\n\t\t\t\t<\/div>\n\t\t","protected":false},"excerpt":{"rendered":"<p>Mieux conna\u00eetre ADR Education Andrew Fulton associ\u00e9 afulton@adreducation.ca Andrew cumule de tr\u00e8s nombreuses ann\u00e9es d\u2019exp\u00e9rience comme m\u00e9diateur. Il a effectu\u00e9 des m\u00e9diations pour divers clients (secteurs de la sant\u00e9, de l\u2019environnement et du tourisme, administrations publiques, Premi\u00e8res Nations, soci\u00e9t\u00e9s ferm\u00e9es et ouvertes). Ses services ont \u00e9t\u00e9 retenus pour r\u00e9gler des diff\u00e9rends civils et des probl\u00e8mes [&hellip;]<\/p>\n","protected":false},"author":1,"featured_media":0,"parent":2687,"menu_order":0,"comment_status":"closed","ping_status":"closed","template":"","meta":{"footnotes":""},"class_list":["post-2701","page","type-page","status-publish","hentry"],"yoast_head":"<!-- This site is optimized with the Yoast SEO plugin v27.2 - https:\/\/yoast.com\/product\/yoast-seo-wordpress\/ -->\n<title>Andrew Fulton - ADR Education<\/title>\n<meta name=\"description\" content=\"Andrew cumule de tr\u00e8s nombreuses ann\u00e9es d\u2019exp\u00e9rience comme m\u00e9diateur aupr\u00e8s des gouvernements et d\u2019organismes du secteur de la sant\u00e9. Il peut intervenir sur les lieux de travail et dans le cas de litiges civils et de diff\u00e9rends relatifs \u00e0 l\u2019utilisation du territoire.\" \/>\n<meta name=\"robots\" content=\"index, follow, max-snippet:-1, max-image-preview:large, max-video-preview:-1\" \/>\n<link rel=\"canonical\" href=\"https:\/\/www.adreducation.ca\/fr\/notre-equipe\/andrew-fulton\/\" \/>\n<script type=\"application\/ld+json\" class=\"yoast-schema-graph\">{\"@context\":\"https:\/\/schema.org\",\"@graph\":[{\"@type\":\"WebPage\",\"@id\":\"https:\/\/www.adreducation.ca\/fr\/notre-equipe\/andrew-fulton\/\",\"url\":\"https:\/\/www.adreducation.ca\/fr\/notre-equipe\/andrew-fulton\/\",\"name\":\"Andrew Fulton - ADR Education\",\"isPartOf\":{\"@id\":\"https:\/\/www.adreducation.ca\/#website\"},\"primaryImageOfPage\":{\"@id\":\"https:\/\/www.adreducation.ca\/fr\/notre-equipe\/andrew-fulton\/#primaryimage\"},\"image\":{\"@id\":\"https:\/\/www.adreducation.ca\/fr\/notre-equipe\/andrew-fulton\/#primaryimage\"},\"thumbnailUrl\":\"https:\/\/www.adreducation.ca\/wp-content\/uploads\/2024\/02\/andrew-pp-1.jpg\",\"datePublished\":\"2023-11-27T21:11:30+00:00\",\"dateModified\":\"2024-03-11T19:30:13+00:00\",\"description\":\"Andrew cumule de tr\u00e8s nombreuses ann\u00e9es d\u2019exp\u00e9rience comme m\u00e9diateur aupr\u00e8s des gouvernements et d\u2019organismes du secteur de la sant\u00e9. Il peut intervenir sur les lieux de travail et dans le cas de litiges civils et de diff\u00e9rends relatifs \u00e0 l\u2019utilisation du territoire.\",\"breadcrumb\":{\"@id\":\"https:\/\/www.adreducation.ca\/fr\/notre-equipe\/andrew-fulton\/#breadcrumb\"},\"inLanguage\":\"fr-FR\",\"potentialAction\":[{\"@type\":\"ReadAction\",\"target\":[\"https:\/\/www.adreducation.ca\/fr\/notre-equipe\/andrew-fulton\/\"]}]},{\"@type\":\"ImageObject\",\"inLanguage\":\"fr-FR\",\"@id\":\"https:\/\/www.adreducation.ca\/fr\/notre-equipe\/andrew-fulton\/#primaryimage\",\"url\":\"https:\/\/www.adreducation.ca\/wp-content\/uploads\/2024\/02\/andrew-pp-1.jpg\",\"contentUrl\":\"https:\/\/www.adreducation.ca\/wp-content\/uploads\/2024\/02\/andrew-pp-1.jpg\"},{\"@type\":\"BreadcrumbList\",\"@id\":\"https:\/\/www.adreducation.ca\/fr\/notre-equipe\/andrew-fulton\/#breadcrumb\",\"itemListElement\":[{\"@type\":\"ListItem\",\"position\":1,\"name\":\"Home\",\"item\":\"https:\/\/www.adreducation.ca\/fr\/\"},{\"@type\":\"ListItem\",\"position\":2,\"name\":\"Notre \u00c9quipe\",\"item\":\"https:\/\/www.adreducation.ca\/fr\/notre-equipe\/\"},{\"@type\":\"ListItem\",\"position\":3,\"name\":\"Andrew Fulton\"}]},{\"@type\":\"WebSite\",\"@id\":\"https:\/\/www.adreducation.ca\/#website\",\"url\":\"https:\/\/www.adreducation.ca\/\",\"name\":\"ADR Education\",\"description\":\"Turning conflicts and disputes into opportunities for growth.\",\"publisher\":{\"@id\":\"https:\/\/www.adreducation.ca\/#organization\"},\"potentialAction\":[{\"@type\":\"SearchAction\",\"target\":{\"@type\":\"EntryPoint\",\"urlTemplate\":\"https:\/\/www.adreducation.ca\/?s={search_term_string}\"},\"query-input\":{\"@type\":\"PropertyValueSpecification\",\"valueRequired\":true,\"valueName\":\"search_term_string\"}}],\"inLanguage\":\"fr-FR\"},{\"@type\":\"Organization\",\"@id\":\"https:\/\/www.adreducation.ca\/#organization\",\"name\":\"ADR Education\",\"url\":\"https:\/\/www.adreducation.ca\/\",\"logo\":{\"@type\":\"ImageObject\",\"inLanguage\":\"fr-FR\",\"@id\":\"https:\/\/www.adreducation.ca\/#\/schema\/logo\/image\/\",\"url\":\"https:\/\/www.adreducation.ca\/wp-content\/uploads\/2023\/08\/ADR_logo-01.svg\",\"contentUrl\":\"https:\/\/www.adreducation.ca\/wp-content\/uploads\/2023\/08\/ADR_logo-01.svg\",\"caption\":\"ADR Education\"},\"image\":{\"@id\":\"https:\/\/www.adreducation.ca\/#\/schema\/logo\/image\/\"}}]}<\/script>\n<!-- \/ Yoast SEO plugin. -->","yoast_head_json":{"title":"Andrew Fulton - ADR Education","description":"Andrew cumule de tr\u00e8s nombreuses ann\u00e9es d\u2019exp\u00e9rience comme m\u00e9diateur aupr\u00e8s des gouvernements et d\u2019organismes du secteur de la sant\u00e9. Il peut intervenir sur les lieux de travail et dans le cas de litiges civils et de diff\u00e9rends relatifs \u00e0 l\u2019utilisation du territoire.","robots":{"index":"index","follow":"follow","max-snippet":"max-snippet:-1","max-image-preview":"max-image-preview:large","max-video-preview":"max-video-preview:-1"},"canonical":"https:\/\/www.adreducation.ca\/fr\/notre-equipe\/andrew-fulton\/","schema":{"@context":"https:\/\/schema.org","@graph":[{"@type":"WebPage","@id":"https:\/\/www.adreducation.ca\/fr\/notre-equipe\/andrew-fulton\/","url":"https:\/\/www.adreducation.ca\/fr\/notre-equipe\/andrew-fulton\/","name":"Andrew Fulton - ADR Education","isPartOf":{"@id":"https:\/\/www.adreducation.ca\/#website"},"primaryImageOfPage":{"@id":"https:\/\/www.adreducation.ca\/fr\/notre-equipe\/andrew-fulton\/#primaryimage"},"image":{"@id":"https:\/\/www.adreducation.ca\/fr\/notre-equipe\/andrew-fulton\/#primaryimage"},"thumbnailUrl":"https:\/\/www.adreducation.ca\/wp-content\/uploads\/2024\/02\/andrew-pp-1.jpg","datePublished":"2023-11-27T21:11:30+00:00","dateModified":"2024-03-11T19:30:13+00:00","description":"Andrew cumule de tr\u00e8s nombreuses ann\u00e9es d\u2019exp\u00e9rience comme m\u00e9diateur aupr\u00e8s des gouvernements et d\u2019organismes du secteur de la sant\u00e9. Il peut intervenir sur les lieux de travail et dans le cas de litiges civils et de diff\u00e9rends relatifs \u00e0 l\u2019utilisation du territoire.","breadcrumb":{"@id":"https:\/\/www.adreducation.ca\/fr\/notre-equipe\/andrew-fulton\/#breadcrumb"},"inLanguage":"fr-FR","potentialAction":[{"@type":"ReadAction","target":["https:\/\/www.adreducation.ca\/fr\/notre-equipe\/andrew-fulton\/"]}]},{"@type":"ImageObject","inLanguage":"fr-FR","@id":"https:\/\/www.adreducation.ca\/fr\/notre-equipe\/andrew-fulton\/#primaryimage","url":"https:\/\/www.adreducation.ca\/wp-content\/uploads\/2024\/02\/andrew-pp-1.jpg","contentUrl":"https:\/\/www.adreducation.ca\/wp-content\/uploads\/2024\/02\/andrew-pp-1.jpg"},{"@type":"BreadcrumbList","@id":"https:\/\/www.adreducation.ca\/fr\/notre-equipe\/andrew-fulton\/#breadcrumb","itemListElement":[{"@type":"ListItem","position":1,"name":"Home","item":"https:\/\/www.adreducation.ca\/fr\/"},{"@type":"ListItem","position":2,"name":"Notre \u00c9quipe","item":"https:\/\/www.adreducation.ca\/fr\/notre-equipe\/"},{"@type":"ListItem","position":3,"name":"Andrew Fulton"}]},{"@type":"WebSite","@id":"https:\/\/www.adreducation.ca\/#website","url":"https:\/\/www.adreducation.ca\/","name":"ADR Education","description":"Turning conflicts and disputes into opportunities for growth.","publisher":{"@id":"https:\/\/www.adreducation.ca\/#organization"},"potentialAction":[{"@type":"SearchAction","target":{"@type":"EntryPoint","urlTemplate":"https:\/\/www.adreducation.ca\/?s={search_term_string}"},"query-input":{"@type":"PropertyValueSpecification","valueRequired":true,"valueName":"search_term_string"}}],"inLanguage":"fr-FR"},{"@type":"Organization","@id":"https:\/\/www.adreducation.ca\/#organization","name":"ADR Education","url":"https:\/\/www.adreducation.ca\/","logo":{"@type":"ImageObject","inLanguage":"fr-FR","@id":"https:\/\/www.adreducation.ca\/#\/schema\/logo\/image\/","url":"https:\/\/www.adreducation.ca\/wp-content\/uploads\/2023\/08\/ADR_logo-01.svg","contentUrl":"https:\/\/www.adreducation.ca\/wp-content\/uploads\/2023\/08\/ADR_logo-01.svg","caption":"ADR Education"},"image":{"@id":"https:\/\/www.adreducation.ca\/#\/schema\/logo\/image\/"}}]}},"_links":{"self":[{"href":"https:\/\/www.adreducation.ca\/fr\/wp-json\/wp\/v2\/pages\/2701","targetHints":{"allow":["GET"]}}],"collection":[{"href":"https:\/\/www.adreducation.ca\/fr\/wp-json\/wp\/v2\/pages"}],"about":[{"href":"https:\/\/www.adreducation.ca\/fr\/wp-json\/wp\/v2\/types\/page"}],"author":[{"embeddable":true,"href":"https:\/\/www.adreducation.ca\/fr\/wp-json\/wp\/v2\/users\/1"}],"replies":[{"embeddable":true,"href":"https:\/\/www.adreducation.ca\/fr\/wp-json\/wp\/v2\/comments?post=2701"}],"version-history":[{"count":24,"href":"https:\/\/www.adreducation.ca\/fr\/wp-json\/wp\/v2\/pages\/2701\/revisions"}],"predecessor-version":[{"id":4366,"href":"https:\/\/www.adreducation.ca\/fr\/wp-json\/wp\/v2\/pages\/2701\/revisions\/4366"}],"up":[{"embeddable":true,"href":"https:\/\/www.adreducation.ca\/fr\/wp-json\/wp\/v2\/pages\/2687"}],"wp:attachment":[{"href":"https:\/\/www.adreducation.ca\/fr\/wp-json\/wp\/v2\/media?parent=2701"}],"curies":[{"name":"wp","href":"https:\/\/api.w.org\/{rel}","templated":true}]}}